{"id":555,"date":"2024-06-05T11:15:15","date_gmt":"2024-06-05T09:15:15","guid":{"rendered":"https:\/\/www.lisensky-dvur.cz\/?page_id=555"},"modified":"2025-03-01T16:16:59","modified_gmt":"2025-03-01T15:16:59","slug":"accommodation-information","status":"publish","type":"page","link":"https:\/\/www.lisensky-dvur.cz\/en\/accommodation-information\/","title":{"rendered":"Accommodation information"},"content":{"rendered":"<div class=\"col desk-two-thirds\">\n<div class=\"entry-content\" role=\"main\">\n<p><em><strong>Hotel schedule<\/strong><\/em><\/p>\n<p><strong>Arrival and accommodation<\/strong><br \/>\n14:00 &#8211; 18:00 Late arrival please call 702 047 070<\/p>\n<p><strong>Departure from the hotel<\/strong><br \/>\nby 10:00 a.m. (later check out is possible by arrangement)<\/p>\n<p><strong>Breakfast<\/strong><br \/>\n8:00-10:00 a.m.<\/p>\n<p>Breakfast is a lavish buffet.<\/p>\n<p>&nbsp;<\/p>\n<p><em><strong>Reservations<\/strong><\/em><\/p>\n<ul>\n<li>Use our <a href=\"https:\/\/www.secure-hotel-booking.com\/redirect\/J19U\">reservation system<\/a> to book your accommodation.<\/li>\n<li>We will inform you about the success of your reservation by e-mail.<\/li>\n<li>The reservation is binding for the hotel L\u00ed\u0161ensk\u00fd Dv\u016fr only after the payment of the stay deposit.<\/li>\n<li>Therefore, it is necessary to pay in advance a fee of 50% of the total amount of the accommodation.<\/li>\n<li>Therefore, when a binding reservation is made, guests are sent an advance invoice of 50% of the total amount of the stay.<\/li>\n<\/ul>\n<p>&nbsp;<\/p>\n<p><strong><em>Cancellation<\/em><\/strong><\/p>\n<ul>\n<li>Cancellations\/changes must be communicated in writing directly with the hotel.<\/li>\n<li>Cancellation\/change more than 21 DAYS prior to arrival is free of charge.<\/li>\n<li>In case of cancellation\/change within 21 &#8211; 7 DAYS prior to arrival, a cancellation fee of 50% of the total stay will be charged.<\/li>\n<li>In case of cancellation\/change less than 7 DAYS prior to arrival, a cancellation fee of 100% of the value of the stay will be charged.<\/li>\n<li>No changes can be made to the reservation on the day of arrival or during the booking period.<\/li>\n<\/ul>\n<p>&nbsp;<\/p>\n<p><em><strong>Cancellation for companies<\/strong><\/em><\/p>\n<ul>\n<li>For corporate events and stays for more than 15 people, individual cancellation conditions apply.<\/li>\n<\/ul>\n<p><em><strong>Children<\/strong><\/em><\/p>\n<ul>\n<li>Children are welcome in the hotel.<\/li>\n<li>There is no charge for the use of existing beds for 1 child under 6 years.<\/li>\n<li>A cot for 1 child under 3 years is charged at CZK 400 per person per night.<\/li>\n<li>The maximum number of cots per room is 1.<\/li>\n<\/ul>\n<p>&nbsp;<\/p>\n<p><em><strong>Extra beds<\/strong><\/em><\/p>\n<ul>\n<li>Extra bed for a child up to 6 years 400 CZK, over 6 years costs 700 CZK.<\/li>\n<li>Maximum number of extra beds per room is 1. In apartments 2.<\/li>\n<li>Extra beds are on request and must be confirmed by the hotel.<\/li>\n<\/ul>\n<p><em><strong>Fees for additional services<\/strong><\/em><\/p>\n<ul>\n<li>They are not automatically included in the total price and must be paid separately during the stay.<\/li>\n<li>E.g. additional order for Wellness only during the stay at the hotel.<\/li>\n<\/ul>\n<p>&nbsp;<\/p>\n<p><em><strong>Animals and conditions of stay with animals<\/strong><\/em><\/p>\n<ul>\n<li>Pets are allowed for a fee.<\/li>\n<li>Dogs must be kept on a leash and supervised by their owner throughout the property.<\/li>\n<li>Dog walking is prohibited in the resort&#8217;s courtyard.<\/li>\n<li>The owner is fully responsible for his\/her pet and for any damage caused by the pet.<\/li>\n<\/ul>\n<p><em><strong>Accommodation in the Highlands tailor-made<\/strong><\/em><\/p>\n<ul>\n<li>We will be happy to prepare a tailor-made package of accommodation and other services, with favourable conditions when the entire hotel is occupied.<\/li>\n<li>We can also prepare a themed programme for corporate or social events such as company meetings and celebrations, meetings, weddings, graduations, birthdays, christenings etc.<\/li>\n<li>Printer available if necessary.<\/li>\n<\/ul>\n<\/div>\n<\/div>\n","protected":false},"excerpt":{"rendered":"<p>Hotel schedule Arrival and accommodation 14:00 &#8211; 18:00 Late arrival please call 702 047 070 Departure from the hotel by 10:00 a.m. (later check out is possible by arrangement) Breakfast 8:00-10:00 a.m. Breakfast is a lavish buffet. &nbsp; Reservations Use our reservation system to book your accommodation. We will inform you about the success of [&hellip;]<\/p>\n","protected":false},"author":189,"featured_media":0,"parent":0,"menu_order":160,"comment_status":"closed","ping_status":"closed","template":"template-policy.php","meta":{"footnotes":""},"yoast_head":"<!-- This site is optimized with the Yoast SEO plugin v22.3 - https:\/\/yoast.com\/wordpress\/plugins\/seo\/ -->\n<title>Accommodation information &#183; Hotel L\u00ed\u0161ensk\u00fd Dv\u016fr &#183;<\/title>\n<meta name=\"description\" content=\"Hotel schedule  Arrival and accommodation 14:00 - 18:00 Late arrival please call 702 047 070  Departure from the hotel by 10:00 a.m. (later check out is possible by arrangement)  Breakfast 8:00-10:00 a.m.  Breakfast is a lavish buffet.  &nbsp;  Reservations   Use our reservation system to book your accommodation.  We will inform you about the success of your reservation by e-mail.  The reservation is binding for the hotel L\u00ed\u0161ensk\u00fd Dv\u016fr only after the payment of the stay deposit.  Therefore, it is necessary to pay in advance a fee of 50% of the total amount of the accommodation.  Therefore, when a binding reservation is made, guests are sent an advance invoice of 50% of the total amount of the stay.  &nbsp;  Cancellation   Cancellations\/changes must be communicated in writing directly with the hotel.  Cancellation\/change more than 21 DAYS prior to arrival is free of charge.  In case of cancellation\/change within 21 - 7 DAYS prior to arrival, a cancellation fee of 50% of the total stay will be charged.  In case of cancellation\/change less than 7 DAYS prior to arrival, a cancellation fee of 100% of the value of the stay will be charged.  No changes can be made to the reservation on the day of arrival or during the booking period.  &nbsp;  Cancellation for companies   For corporate events and stays for more than 15 people, individual cancellation conditions apply.  Children   Children are welcome in the hotel.  There is no charge for the use of existing beds for 1 child under 6 years.  A cot for 1 child under 3 years is charged at CZK 400 per person per night.  The maximum number of cots per room is 1.  &nbsp;  Extra beds   Extra bed for a child up to 6 years 400 CZK, over 6 years costs 700 CZK.  Maximum number of extra beds per room is 1\" \/>\n<meta name=\"robots\" content=\"index, follow, max-snippet:-1, max-image-preview:large, max-video-preview:-1\" \/>\n<link rel=\"canonical\" href=\"https:\/\/www.lisensky-dvur.cz\/en\/accommodation-information\/\" \/>\n<meta property=\"og:locale\" content=\"en_US\" \/>\n<meta property=\"og:type\" content=\"article\" \/>\n<meta property=\"og:title\" content=\"Accommodation information &#183; Hotel L\u00ed\u0161ensk\u00fd Dv\u016fr &#183;\" \/>\n<meta property=\"og:description\" content=\"Hotel schedule  Arrival and accommodation 14:00 - 18:00 Late arrival please call 702 047 070  Departure from the hotel by 10:00 a.m. (later check out is possible by arrangement)  Breakfast 8:00-10:00 a.m.  Breakfast is a lavish buffet.  &nbsp;  Reservations   Use our reservation system to book your accommodation.  We will inform you about the success of your reservation by e-mail.  The reservation is binding for the hotel L\u00ed\u0161ensk\u00fd Dv\u016fr only after the payment of the stay deposit.  Therefore, it is necessary to pay in advance a fee of 50% of the total amount of the accommodation.  Therefore, when a binding reservation is made, guests are sent an advance invoice of 50% of the total amount of the stay.  &nbsp;  Cancellation   Cancellations\/changes must be communicated in writing directly with the hotel.  Cancellation\/change more than 21 DAYS prior to arrival is free of charge.  In case of cancellation\/change within 21 - 7 DAYS prior to arrival, a cancellation fee of 50% of the total stay will be charged.  In case of cancellation\/change less than 7 DAYS prior to arrival, a cancellation fee of 100% of the value of the stay will be charged.  No changes can be made to the reservation on the day of arrival or during the booking period.  &nbsp;  Cancellation for companies   For corporate events and stays for more than 15 people, individual cancellation conditions apply.  Children   Children are welcome in the hotel.  There is no charge for the use of existing beds for 1 child under 6 years.  A cot for 1 child under 3 years is charged at CZK 400 per person per night.  The maximum number of cots per room is 1.  &nbsp;  Extra beds   Extra bed for a child up to 6 years 400 CZK, over 6 years costs 700 CZK.  Maximum number of extra beds per room is 1\" \/>\n<meta property=\"og:url\" content=\"https:\/\/www.lisensky-dvur.cz\/en\/accommodation-information\/\" \/>\n<meta property=\"og:site_name\" content=\"Hotel L\u00ed\u0161ensk\u00fd Dv\u016fr\" \/>\n<meta property=\"article:publisher\" content=\"https:\/\/www.facebook.com\/LisenskyDvur\" \/>\n<meta property=\"article:modified_time\" content=\"2025-03-01T15:16:59+00:00\" \/>\n<meta name=\"twitter:card\" content=\"summary_large_image\" \/>\n<meta name=\"twitter:label1\" content=\"Est. reading time\" \/>\n\t<meta name=\"twitter:data1\" content=\"3 minutes\" \/>\n<script type=\"application\/ld+json\" class=\"yoast-schema-graph\">{\"@context\":\"https:\/\/schema.org\",\"@graph\":[{\"@type\":\"WebPage\",\"@id\":\"https:\/\/www.lisensky-dvur.cz\/en\/accommodation-information\/\",\"url\":\"https:\/\/www.lisensky-dvur.cz\/en\/accommodation-information\/\",\"name\":\"Accommodation information &#183; Hotel L\u00ed\u0161ensk\u00fd Dv\u016fr &#183;\",\"isPartOf\":{\"@id\":\"https:\/\/www.lisensky-dvur.cz\/en\/#website\"},\"datePublished\":\"2024-06-05T09:15:15+00:00\",\"dateModified\":\"2025-03-01T15:16:59+00:00\",\"description\":\"Hotel schedule Arrival and accommodation 14:00 - 18:00 Late arrival please call 702 047 070 Departure from the hotel by 10:00 a.m. (later check out is possible by arrangement) Breakfast 8:00-10:00 a.m. Breakfast is a lavish buffet. &nbsp; Reservations \u2022 Use our reservation system to book your accommodation. \u2022 We will inform you about the success of your reservation by e-mail. \u2022 The reservation is binding for the hotel L\u00ed\u0161ensk\u00fd Dv\u016fr only after the payment of the stay deposit. \u2022 Therefore, it is necessary to pay in advance a fee of 50% of the total amount of the accommodation. \u2022 Therefore, when a binding reservation is made, guests are sent an advance invoice of 50% of the total amount of the stay. &nbsp; Cancellation \u2022 Cancellations\/changes must be communicated in writing directly with the hotel. \u2022 Cancellation\/change more than 21 DAYS prior to arrival is free of charge. \u2022 In case of cancellation\/change within 21 - 7 DAYS prior to arrival, a cancellation fee of 50% of the total stay will be charged. \u2022 In case of cancellation\/change less than 7 DAYS prior to arrival, a cancellation fee of 100% of the value of the stay will be charged. \u2022 No changes can be made to the reservation on the day of arrival or during the booking period. &nbsp; Cancellation for companies \u2022 For corporate events and stays for more than 15 people, individual cancellation conditions apply. Children \u2022 Children are welcome in the hotel. \u2022 There is no charge for the use of existing beds for 1 child under 6 years. \u2022 A cot for 1 child under 3 years is charged at CZK 400 per person per night. \u2022 The maximum number of cots per room is 1. &nbsp; Extra beds \u2022 Extra bed for a child up to 6 years 400 CZK, over 6 years costs 700 CZK. \u2022 Maximum number of extra beds per room is 1\",\"breadcrumb\":{\"@id\":\"https:\/\/www.lisensky-dvur.cz\/en\/accommodation-information\/#breadcrumb\"},\"inLanguage\":\"en-US\",\"potentialAction\":[{\"@type\":\"ReadAction\",\"target\":[\"https:\/\/www.lisensky-dvur.cz\/en\/accommodation-information\/\"]}]},{\"@type\":\"BreadcrumbList\",\"@id\":\"https:\/\/www.lisensky-dvur.cz\/en\/accommodation-information\/#breadcrumb\",\"itemListElement\":[{\"@type\":\"ListItem\",\"position\":1,\"name\":\"Home\",\"item\":\"https:\/\/www.lisensky-dvur.cz\/en\/\"},{\"@type\":\"ListItem\",\"position\":2,\"name\":\"Accommodation information\"}]},{\"@type\":\"WebSite\",\"@id\":\"https:\/\/www.lisensky-dvur.cz\/en\/#website\",\"url\":\"https:\/\/www.lisensky-dvur.cz\/en\/\",\"name\":\"Hotel L\u00ed\u0161ensk\u00fd Dv\u016fr\",\"description\":\"\",\"potentialAction\":[{\"@type\":\"SearchAction\",\"target\":{\"@type\":\"EntryPoint\",\"urlTemplate\":\"https:\/\/www.lisensky-dvur.cz\/en\/?s={search_term_string}\"},\"query-input\":\"required name=search_term_string\"}],\"inLanguage\":\"en-US\"}]}<\/script>\n<!-- \/ Yoast SEO plugin. -->","yoast_head_json":{"title":"Accommodation information &#183; Hotel L\u00ed\u0161ensk\u00fd Dv\u016fr &#183;","description":"Hotel schedule  Arrival and accommodation 14:00 - 18:00 Late arrival please call 702 047 070  Departure from the hotel by 10:00 a.m. (later check out is possible by arrangement)  Breakfast 8:00-10:00 a.m.  Breakfast is a lavish buffet.  &nbsp;  Reservations   Use our reservation system to book your accommodation.  We will inform you about the success of your reservation by e-mail.  The reservation is binding for the hotel L\u00ed\u0161ensk\u00fd Dv\u016fr only after the payment of the stay deposit.  Therefore, it is necessary to pay in advance a fee of 50% of the total amount of the accommodation.  Therefore, when a binding reservation is made, guests are sent an advance invoice of 50% of the total amount of the stay.  &nbsp;  Cancellation   Cancellations\/changes must be communicated in writing directly with the hotel.  Cancellation\/change more than 21 DAYS prior to arrival is free of charge.  In case of cancellation\/change within 21 - 7 DAYS prior to arrival, a cancellation fee of 50% of the total stay will be charged.  In case of cancellation\/change less than 7 DAYS prior to arrival, a cancellation fee of 100% of the value of the stay will be charged.  No changes can be made to the reservation on the day of arrival or during the booking period.  &nbsp;  Cancellation for companies   For corporate events and stays for more than 15 people, individual cancellation conditions apply.  Children   Children are welcome in the hotel.  There is no charge for the use of existing beds for 1 child under 6 years.  A cot for 1 child under 3 years is charged at CZK 400 per person per night.  The maximum number of cots per room is 1.  &nbsp;  Extra beds   Extra bed for a child up to 6 years 400 CZK, over 6 years costs 700 CZK.  Maximum number of extra beds per room is 1","robots":{"index":"index","follow":"follow","max-snippet":"max-snippet:-1","max-image-preview":"max-image-preview:large","max-video-preview":"max-video-preview:-1"},"canonical":"https:\/\/www.lisensky-dvur.cz\/en\/accommodation-information\/","og_locale":"en_US","og_type":"article","og_title":"Accommodation information &#183; Hotel L\u00ed\u0161ensk\u00fd Dv\u016fr &#183;","og_description":"Hotel schedule  Arrival and accommodation 14:00 - 18:00 Late arrival please call 702 047 070  Departure from the hotel by 10:00 a.m. (later check out is possible by arrangement)  Breakfast 8:00-10:00 a.m.  Breakfast is a lavish buffet.  &nbsp;  Reservations   Use our reservation system to book your accommodation.  We will inform you about the success of your reservation by e-mail.  The reservation is binding for the hotel L\u00ed\u0161ensk\u00fd Dv\u016fr only after the payment of the stay deposit.  Therefore, it is necessary to pay in advance a fee of 50% of the total amount of the accommodation.  Therefore, when a binding reservation is made, guests are sent an advance invoice of 50% of the total amount of the stay.  &nbsp;  Cancellation   Cancellations\/changes must be communicated in writing directly with the hotel.  Cancellation\/change more than 21 DAYS prior to arrival is free of charge.  In case of cancellation\/change within 21 - 7 DAYS prior to arrival, a cancellation fee of 50% of the total stay will be charged.  In case of cancellation\/change less than 7 DAYS prior to arrival, a cancellation fee of 100% of the value of the stay will be charged.  No changes can be made to the reservation on the day of arrival or during the booking period.  &nbsp;  Cancellation for companies   For corporate events and stays for more than 15 people, individual cancellation conditions apply.  Children   Children are welcome in the hotel.  There is no charge for the use of existing beds for 1 child under 6 years.  A cot for 1 child under 3 years is charged at CZK 400 per person per night.  The maximum number of cots per room is 1.  &nbsp;  Extra beds   Extra bed for a child up to 6 years 400 CZK, over 6 years costs 700 CZK.  Maximum number of extra beds per room is 1","og_url":"https:\/\/www.lisensky-dvur.cz\/en\/accommodation-information\/","og_site_name":"Hotel L\u00ed\u0161ensk\u00fd Dv\u016fr","article_publisher":"https:\/\/www.facebook.com\/LisenskyDvur","article_modified_time":"2025-03-01T15:16:59+00:00","twitter_card":"summary_large_image","twitter_misc":{"Est. reading time":"3 minutes"},"schema":{"@context":"https:\/\/schema.org","@graph":[{"@type":"WebPage","@id":"https:\/\/www.lisensky-dvur.cz\/en\/accommodation-information\/","url":"https:\/\/www.lisensky-dvur.cz\/en\/accommodation-information\/","name":"Accommodation information &#183; Hotel L\u00ed\u0161ensk\u00fd Dv\u016fr &#183;","isPartOf":{"@id":"https:\/\/www.lisensky-dvur.cz\/en\/#website"},"datePublished":"2024-06-05T09:15:15+00:00","dateModified":"2025-03-01T15:16:59+00:00","description":"Hotel schedule Arrival and accommodation 14:00 - 18:00 Late arrival please call 702 047 070 Departure from the hotel by 10:00 a.m. (later check out is possible by arrangement) Breakfast 8:00-10:00 a.m. Breakfast is a lavish buffet. &nbsp; Reservations \u2022 Use our reservation system to book your accommodation. \u2022 We will inform you about the success of your reservation by e-mail. \u2022 The reservation is binding for the hotel L\u00ed\u0161ensk\u00fd Dv\u016fr only after the payment of the stay deposit. \u2022 Therefore, it is necessary to pay in advance a fee of 50% of the total amount of the accommodation. \u2022 Therefore, when a binding reservation is made, guests are sent an advance invoice of 50% of the total amount of the stay. &nbsp; Cancellation \u2022 Cancellations\/changes must be communicated in writing directly with the hotel. \u2022 Cancellation\/change more than 21 DAYS prior to arrival is free of charge. \u2022 In case of cancellation\/change within 21 - 7 DAYS prior to arrival, a cancellation fee of 50% of the total stay will be charged. \u2022 In case of cancellation\/change less than 7 DAYS prior to arrival, a cancellation fee of 100% of the value of the stay will be charged. \u2022 No changes can be made to the reservation on the day of arrival or during the booking period. &nbsp; Cancellation for companies \u2022 For corporate events and stays for more than 15 people, individual cancellation conditions apply. Children \u2022 Children are welcome in the hotel. \u2022 There is no charge for the use of existing beds for 1 child under 6 years. \u2022 A cot for 1 child under 3 years is charged at CZK 400 per person per night. \u2022 The maximum number of cots per room is 1. &nbsp; Extra beds \u2022 Extra bed for a child up to 6 years 400 CZK, over 6 years costs 700 CZK. \u2022 Maximum number of extra beds per room is 1","breadcrumb":{"@id":"https:\/\/www.lisensky-dvur.cz\/en\/accommodation-information\/#breadcrumb"},"inLanguage":"en-US","potentialAction":[{"@type":"ReadAction","target":["https:\/\/www.lisensky-dvur.cz\/en\/accommodation-information\/"]}]},{"@type":"BreadcrumbList","@id":"https:\/\/www.lisensky-dvur.cz\/en\/accommodation-information\/#breadcrumb","itemListElement":[{"@type":"ListItem","position":1,"name":"Home","item":"https:\/\/www.lisensky-dvur.cz\/en\/"},{"@type":"ListItem","position":2,"name":"Accommodation information"}]},{"@type":"WebSite","@id":"https:\/\/www.lisensky-dvur.cz\/en\/#website","url":"https:\/\/www.lisensky-dvur.cz\/en\/","name":"Hotel L\u00ed\u0161ensk\u00fd Dv\u016fr","description":"","potentialAction":[{"@type":"SearchAction","target":{"@type":"EntryPoint","urlTemplate":"https:\/\/www.lisensky-dvur.cz\/en\/?s={search_term_string}"},"query-input":"required name=search_term_string"}],"inLanguage":"en-US"}]}},"acf":[],"_links":{"self":[{"href":"https:\/\/www.lisensky-dvur.cz\/en\/wp-json\/wp\/v2\/pages\/555"}],"collection":[{"href":"https:\/\/www.lisensky-dvur.cz\/en\/wp-json\/wp\/v2\/pages"}],"about":[{"href":"https:\/\/www.lisensky-dvur.cz\/en\/wp-json\/wp\/v2\/types\/page"}],"author":[{"embeddable":true,"href":"https:\/\/www.lisensky-dvur.cz\/en\/wp-json\/wp\/v2\/users\/189"}],"replies":[{"embeddable":true,"href":"https:\/\/www.lisensky-dvur.cz\/en\/wp-json\/wp\/v2\/comments?post=555"}],"version-history":[{"count":0,"href":"https:\/\/www.lisensky-dvur.cz\/en\/wp-json\/wp\/v2\/pages\/555\/revisions"}],"wp:attachment":[{"href":"https:\/\/www.lisensky-dvur.cz\/en\/wp-json\/wp\/v2\/media?parent=555"}],"curies":[{"name":"wp","href":"https:\/\/api.w.org\/{rel}","templated":true}]}}