{"id":553,"date":"2024-06-05T11:15:40","date_gmt":"2024-06-05T09:15:40","guid":{"rendered":"https:\/\/www.lisensky-dvur.cz\/?page_id=553"},"modified":"2025-03-01T16:10:29","modified_gmt":"2025-03-01T15:10:29","slug":"consumer-protection","status":"publish","type":"page","link":"https:\/\/www.lisensky-dvur.cz\/en\/consumer-protection\/","title":{"rendered":"Consumer protection"},"content":{"rendered":"<p>On the basis of the amendment to Act No. 634\/1992 Coll. on Consumer Protection, the obligation to inform about &#8220;the out-of-court consumer dispute resolution body that is materially competent for the type of product or service offered, sold, provided or mediated&#8221; was added. Such information should be communicated to the consumer in a clear, comprehensible and easily accessible manner and should also include the internet address of such body. The law explicitly states that if the trader operates a website, the information should also be provided on that website and if the trader refers to its terms and conditions when concluding a contract, the information should also be provided there.<\/p>\n<p>We hereby provide you with all information pursuant to the provisions of Sections 1811 and 1820 of Act No. 89\/2012 Coll., the Civil Code, as amended <em>(hereinafter referred to as the &#8220;Civil Code&#8221;)<\/em>, prior to the conclusion of the accommodation contract.<\/p>\n<p><strong>L\u00ed\u0161ensk\u00fd Dv\u016fr s.r.o., as the accommodation provider, provides the following information to the guests:<\/strong><\/p>\n<ol>\n<li><strong>Identity and contact details of the accommodation provider:<\/strong> Brno, Mozolky 2569\/54, Postal Code 61600, company registered in the Commercial Register at the Regional Court in Brno, Section C, File 58825, ID No.: 28288068, VAT No.: CZ28288068, e-mail address: hotel@lisensky-dvur.cz, telephone number: 702 047 079, 702 047 077;<\/li>\n<li><strong>main business of the accommodation provider:<\/strong> provision of accommodation services; hospitality services<\/li>\n<li><strong>designation of service:<\/strong> the accommodation provider provides accommodation and accommodation-related services for guests on the basis of the terms and conditions specified in a written accommodation contract, which may also be in the form of an electronic order;<\/li>\n<li><strong>price of the service provided:<\/strong> the total price for the services provided is set out in the <a href=\"https:\/\/lisensky-dvur.cz\/ubytovani-2-2\/\">price list<\/a> for the services. All taxes and charges shall be included in the price so fixed;<\/li>\n<li><strong>method of payment and method of performance:<\/strong> the guest shall make all payments agreed in the accommodation contract in cash or non-cash to the bank account of the accommodation provider, the number and variable symbol of which shall be communicated in writing by the accommodation provider to the guests;<\/li>\n<li>t<strong>he cost of the means of distance communication:<\/strong> the cost of the means of distance communication is determined by the providers of the means of distance communication services and does not differ from the basic rate;<\/li>\n<li><strong>an indication of the existence, method and conditions of out-of-court redress for consumer complaints, including whether recourse to a supervisory authority is possible: <\/strong>the guest has the right to submit a proposal for out-of-court settlement of such a dispute to the designated consumer dispute resolution body, which is the Czech Trade Inspection Authority.<\/li>\n<li>The Czech Trade Inspection Authority is a supervisory authority exercising supervision over consumer protection, acting in accordance with Act No 64\/1986 Coll., on the Czech Trade Inspection Authority, as amended, and other legislation. The website of the Czech Trade Inspection Authority is <a href=\"http:\/\/www.coi.cz\/\">www.coi.cz.<\/a><\/li>\n<li>Pursuant to the provisions of Section 1837(j) of Act No 89\/2012 Coll., the Civil Code, the accommodated person as a consumer does not have the right to withdraw from the accommodation contract if the accommodation establishment provides the performance within the specified period.<\/li>\n<\/ol>\n<p>Central Inspectorate &#8211; ADR Department<br \/>\n\u0160t\u011bp\u00e1nsk\u00e1 15<br \/>\n120 00 Prague 2<br \/>\nEmail: <a href=\"mailto:adr@coi.cz\">adr@coi.cz<\/a><br \/>\nWebsite: <a href=\"https:\/\/adr.coi.cz\/\">https:\/\/adr.coi.cz<\/a><\/p>\n","protected":false},"excerpt":{"rendered":"<p>On the basis of the amendment to Act No. 634\/1992 Coll. on Consumer Protection, the obligation to inform about &#8220;the out-of-court consumer dispute resolution body that is materially competent for the type of product or service offered, sold, provided or mediated&#8221; was added. Such information should be communicated to the consumer in a clear, comprehensible [&hellip;]<\/p>\n","protected":false},"author":189,"featured_media":0,"parent":0,"menu_order":170,"comment_status":"closed","ping_status":"closed","template":"template-policy.php","meta":{"footnotes":""},"yoast_head":"<!-- This site is optimized with the Yoast SEO plugin v22.3 - https:\/\/yoast.com\/wordpress\/plugins\/seo\/ -->\n<title>Consumer protection &#183; Hotel L\u00ed\u0161ensk\u00fd Dv\u016fr &#183;<\/title>\n<meta name=\"description\" content=\"On the basis of the amendment to Act No. 634\/1992 Coll\" \/>\n<meta name=\"robots\" content=\"index, follow, max-snippet:-1, max-image-preview:large, max-video-preview:-1\" \/>\n<link rel=\"canonical\" href=\"https:\/\/www.lisensky-dvur.cz\/en\/consumer-protection\/\" \/>\n<meta property=\"og:locale\" content=\"en_US\" \/>\n<meta property=\"og:type\" content=\"article\" \/>\n<meta property=\"og:title\" content=\"Consumer protection &#183; Hotel L\u00ed\u0161ensk\u00fd Dv\u016fr &#183;\" \/>\n<meta property=\"og:description\" content=\"On the basis of the amendment to Act No. 634\/1992 Coll\" \/>\n<meta property=\"og:url\" content=\"https:\/\/www.lisensky-dvur.cz\/en\/consumer-protection\/\" \/>\n<meta property=\"og:site_name\" content=\"Hotel L\u00ed\u0161ensk\u00fd Dv\u016fr\" \/>\n<meta property=\"article:publisher\" content=\"https:\/\/www.facebook.com\/LisenskyDvur\" \/>\n<meta property=\"article:modified_time\" content=\"2025-03-01T15:10:29+00:00\" \/>\n<meta name=\"twitter:card\" content=\"summary_large_image\" \/>\n<meta name=\"twitter:label1\" content=\"Est. reading time\" \/>\n\t<meta name=\"twitter:data1\" content=\"3 minutes\" \/>\n<script type=\"application\/ld+json\" class=\"yoast-schema-graph\">{\"@context\":\"https:\/\/schema.org\",\"@graph\":[{\"@type\":\"WebPage\",\"@id\":\"https:\/\/www.lisensky-dvur.cz\/en\/consumer-protection\/\",\"url\":\"https:\/\/www.lisensky-dvur.cz\/en\/consumer-protection\/\",\"name\":\"Consumer protection &#183; Hotel L\u00ed\u0161ensk\u00fd Dv\u016fr &#183;\",\"isPartOf\":{\"@id\":\"https:\/\/www.lisensky-dvur.cz\/en\/#website\"},\"datePublished\":\"2024-06-05T09:15:40+00:00\",\"dateModified\":\"2025-03-01T15:10:29+00:00\",\"description\":\"On the basis of the amendment to Act No. 634\/1992 Coll\",\"breadcrumb\":{\"@id\":\"https:\/\/www.lisensky-dvur.cz\/en\/consumer-protection\/#breadcrumb\"},\"inLanguage\":\"en-US\",\"potentialAction\":[{\"@type\":\"ReadAction\",\"target\":[\"https:\/\/www.lisensky-dvur.cz\/en\/consumer-protection\/\"]}]},{\"@type\":\"BreadcrumbList\",\"@id\":\"https:\/\/www.lisensky-dvur.cz\/en\/consumer-protection\/#breadcrumb\",\"itemListElement\":[{\"@type\":\"ListItem\",\"position\":1,\"name\":\"Home\",\"item\":\"https:\/\/www.lisensky-dvur.cz\/en\/\"},{\"@type\":\"ListItem\",\"position\":2,\"name\":\"Consumer protection\"}]},{\"@type\":\"WebSite\",\"@id\":\"https:\/\/www.lisensky-dvur.cz\/en\/#website\",\"url\":\"https:\/\/www.lisensky-dvur.cz\/en\/\",\"name\":\"Hotel L\u00ed\u0161ensk\u00fd Dv\u016fr\",\"description\":\"\",\"potentialAction\":[{\"@type\":\"SearchAction\",\"target\":{\"@type\":\"EntryPoint\",\"urlTemplate\":\"https:\/\/www.lisensky-dvur.cz\/en\/?s={search_term_string}\"},\"query-input\":\"required name=search_term_string\"}],\"inLanguage\":\"en-US\"}]}<\/script>\n<!-- \/ Yoast SEO plugin. -->","yoast_head_json":{"title":"Consumer protection &#183; Hotel L\u00ed\u0161ensk\u00fd Dv\u016fr &#183;","description":"On the basis of the amendment to Act No. 634\/1992 Coll","robots":{"index":"index","follow":"follow","max-snippet":"max-snippet:-1","max-image-preview":"max-image-preview:large","max-video-preview":"max-video-preview:-1"},"canonical":"https:\/\/www.lisensky-dvur.cz\/en\/consumer-protection\/","og_locale":"en_US","og_type":"article","og_title":"Consumer protection &#183; Hotel L\u00ed\u0161ensk\u00fd Dv\u016fr &#183;","og_description":"On the basis of the amendment to Act No. 634\/1992 Coll","og_url":"https:\/\/www.lisensky-dvur.cz\/en\/consumer-protection\/","og_site_name":"Hotel L\u00ed\u0161ensk\u00fd Dv\u016fr","article_publisher":"https:\/\/www.facebook.com\/LisenskyDvur","article_modified_time":"2025-03-01T15:10:29+00:00","twitter_card":"summary_large_image","twitter_misc":{"Est. reading time":"3 minutes"},"schema":{"@context":"https:\/\/schema.org","@graph":[{"@type":"WebPage","@id":"https:\/\/www.lisensky-dvur.cz\/en\/consumer-protection\/","url":"https:\/\/www.lisensky-dvur.cz\/en\/consumer-protection\/","name":"Consumer protection &#183; Hotel L\u00ed\u0161ensk\u00fd Dv\u016fr &#183;","isPartOf":{"@id":"https:\/\/www.lisensky-dvur.cz\/en\/#website"},"datePublished":"2024-06-05T09:15:40+00:00","dateModified":"2025-03-01T15:10:29+00:00","description":"On the basis of the amendment to Act No. 634\/1992 Coll","breadcrumb":{"@id":"https:\/\/www.lisensky-dvur.cz\/en\/consumer-protection\/#breadcrumb"},"inLanguage":"en-US","potentialAction":[{"@type":"ReadAction","target":["https:\/\/www.lisensky-dvur.cz\/en\/consumer-protection\/"]}]},{"@type":"BreadcrumbList","@id":"https:\/\/www.lisensky-dvur.cz\/en\/consumer-protection\/#breadcrumb","itemListElement":[{"@type":"ListItem","position":1,"name":"Home","item":"https:\/\/www.lisensky-dvur.cz\/en\/"},{"@type":"ListItem","position":2,"name":"Consumer protection"}]},{"@type":"WebSite","@id":"https:\/\/www.lisensky-dvur.cz\/en\/#website","url":"https:\/\/www.lisensky-dvur.cz\/en\/","name":"Hotel L\u00ed\u0161ensk\u00fd Dv\u016fr","description":"","potentialAction":[{"@type":"SearchAction","target":{"@type":"EntryPoint","urlTemplate":"https:\/\/www.lisensky-dvur.cz\/en\/?s={search_term_string}"},"query-input":"required name=search_term_string"}],"inLanguage":"en-US"}]}},"acf":[],"_links":{"self":[{"href":"https:\/\/www.lisensky-dvur.cz\/en\/wp-json\/wp\/v2\/pages\/553"}],"collection":[{"href":"https:\/\/www.lisensky-dvur.cz\/en\/wp-json\/wp\/v2\/pages"}],"about":[{"href":"https:\/\/www.lisensky-dvur.cz\/en\/wp-json\/wp\/v2\/types\/page"}],"author":[{"embeddable":true,"href":"https:\/\/www.lisensky-dvur.cz\/en\/wp-json\/wp\/v2\/users\/189"}],"replies":[{"embeddable":true,"href":"https:\/\/www.lisensky-dvur.cz\/en\/wp-json\/wp\/v2\/comments?post=553"}],"version-history":[{"count":0,"href":"https:\/\/www.lisensky-dvur.cz\/en\/wp-json\/wp\/v2\/pages\/553\/revisions"}],"wp:attachment":[{"href":"https:\/\/www.lisensky-dvur.cz\/en\/wp-json\/wp\/v2\/media?parent=553"}],"curies":[{"name":"wp","href":"https:\/\/api.w.org\/{rel}","templated":true}]}}