{"id":543,"date":"2024-06-05T11:08:43","date_gmt":"2024-06-05T09:08:43","guid":{"rendered":"https:\/\/www.lisensky-dvur.cz\/?page_id=543"},"modified":"2025-03-01T14:24:12","modified_gmt":"2025-03-01T13:24:12","slug":"childrens-activities-and-leisure-time","status":"publish","type":"page","link":"https:\/\/www.lisensky-dvur.cz\/en\/childrens-activities-and-leisure-time\/","title":{"rendered":"Children&#8217;s activities and leisure time"},"content":{"rendered":"<p>Hotel L\u00ed\u0161ensk\u00fd Dv\u016fr is well equipped for families with children, but also for adults who want to spend their stay more actively.<\/p>\n<p><strong>Stays for families with children<\/strong><\/p>\n<p>Every parent who has tried to find a hotel or guesthouse suitable for families with children knows how difficult it is today. The spacious courtyard (3500 m2) with parkland is equipped with a children&#8217;s playground, and thanks to its seclusion, children are completely safe. The hotel restaurant, caf\u00e9 and outdoor terrace have a direct view of the Courtyard, so your children will be under control. As there are no roads (apart from a purpose built road leading only to the hotel) or buildings around the hotel, there is no danger to children &#8220;let loose&#8221; in the immediate area.<\/p>\n","protected":false},"excerpt":{"rendered":"<p>Hotel L\u00ed\u0161ensk\u00fd Dv\u016fr is well equipped for families with children, but also for adults who want to spend their stay more actively. Stays for families with children Every parent who has tried to find a hotel or guesthouse suitable for families with children knows how difficult it is today. The spacious courtyard (3500 m2) with [&hellip;]<\/p>\n","protected":false},"author":189,"featured_media":296,"parent":0,"menu_order":110,"comment_status":"closed","ping_status":"closed","template":"template-default-3.php","meta":{"footnotes":""},"yoast_head":"<!-- This site is optimized with the Yoast SEO plugin v22.3 - https:\/\/yoast.com\/wordpress\/plugins\/seo\/ -->\n<title>Children&#039;s activities and leisure time &#183; Hotel L\u00ed\u0161ensk\u00fd Dv\u016fr &#183;<\/title>\n<meta name=\"description\" content=\"Hotel L\u00ed\u0161ensk\u00fd Dv\u016fr is well equipped for families with children, but also for adults who want to spend their stay more actively.  Stays for families with children  Every parent who has tried to find a hotel or guesthouse suitable for families with children knows how difficult it is today. The spacious courtyard (3500 m2) with parkland is equipped with a children&#039;s playground, and thanks to its seclusion, children are completely safe\" \/>\n<meta name=\"robots\" content=\"index, follow, max-snippet:-1, max-image-preview:large, max-video-preview:-1\" \/>\n<link rel=\"canonical\" href=\"https:\/\/www.lisensky-dvur.cz\/en\/childrens-activities-and-leisure-time\/\" \/>\n<meta property=\"og:locale\" content=\"en_US\" \/>\n<meta property=\"og:type\" content=\"article\" \/>\n<meta property=\"og:title\" content=\"Children&#039;s activities and leisure time &#183; Hotel L\u00ed\u0161ensk\u00fd Dv\u016fr &#183;\" \/>\n<meta property=\"og:description\" content=\"Hotel L\u00ed\u0161ensk\u00fd Dv\u016fr is well equipped for families with children, but also for adults who want to spend their stay more actively.  Stays for families with children  Every parent who has tried to find a hotel or guesthouse suitable for families with children knows how difficult it is today. The spacious courtyard (3500 m2) with parkland is equipped with a children&#039;s playground, and thanks to its seclusion, children are completely safe\" \/>\n<meta property=\"og:url\" content=\"https:\/\/www.lisensky-dvur.cz\/en\/childrens-activities-and-leisure-time\/\" \/>\n<meta property=\"og:site_name\" content=\"Hotel L\u00ed\u0161ensk\u00fd Dv\u016fr\" \/>\n<meta property=\"article:publisher\" content=\"https:\/\/www.facebook.com\/LisenskyDvur\" \/>\n<meta property=\"article:modified_time\" content=\"2025-03-01T13:24:12+00:00\" \/>\n<meta property=\"og:image\" content=\"https:\/\/www.lisensky-dvur.cz\/wp-content\/uploads\/sites\/149\/2024\/06\/hotel_lisensky_dvur_vyziti-pro-deti_preview_02.jpg\" \/>\n\t<meta property=\"og:image:width\" content=\"1200\" \/>\n\t<meta property=\"og:image:height\" content=\"800\" \/>\n\t<meta property=\"og:image:type\" content=\"image\/jpeg\" \/>\n<meta name=\"twitter:card\" content=\"summary_large_image\" \/>\n<meta name=\"twitter:label1\" content=\"Est. reading time\" \/>\n\t<meta name=\"twitter:data1\" content=\"1 minute\" \/>\n<script type=\"application\/ld+json\" class=\"yoast-schema-graph\">{\"@context\":\"https:\/\/schema.org\",\"@graph\":[{\"@type\":\"WebPage\",\"@id\":\"https:\/\/www.lisensky-dvur.cz\/en\/childrens-activities-and-leisure-time\/\",\"url\":\"https:\/\/www.lisensky-dvur.cz\/en\/childrens-activities-and-leisure-time\/\",\"name\":\"Children's activities and leisure time &#183; Hotel L\u00ed\u0161ensk\u00fd Dv\u016fr &#183;\",\"isPartOf\":{\"@id\":\"https:\/\/www.lisensky-dvur.cz\/en\/#website\"},\"primaryImageOfPage\":{\"@id\":\"https:\/\/www.lisensky-dvur.cz\/en\/childrens-activities-and-leisure-time\/#primaryimage\"},\"image\":{\"@id\":\"https:\/\/www.lisensky-dvur.cz\/en\/childrens-activities-and-leisure-time\/#primaryimage\"},\"thumbnailUrl\":\"https:\/\/www.lisensky-dvur.cz\/wp-content\/uploads\/sites\/149\/2024\/06\/hotel_lisensky_dvur_vyziti-pro-deti_preview_02.jpg\",\"datePublished\":\"2024-06-05T09:08:43+00:00\",\"dateModified\":\"2025-03-01T13:24:12+00:00\",\"description\":\"Hotel L\u00ed\u0161ensk\u00fd Dv\u016fr is well equipped for families with children, but also for adults who want to spend their stay more actively. Stays for families with children Every parent who has tried to find a hotel or guesthouse suitable for families with children knows how difficult it is today. The spacious courtyard (3500 m2) with parkland is equipped with a children's playground, and thanks to its seclusion, children are completely safe\",\"breadcrumb\":{\"@id\":\"https:\/\/www.lisensky-dvur.cz\/en\/childrens-activities-and-leisure-time\/#breadcrumb\"},\"inLanguage\":\"en-US\",\"potentialAction\":[{\"@type\":\"ReadAction\",\"target\":[\"https:\/\/www.lisensky-dvur.cz\/en\/childrens-activities-and-leisure-time\/\"]}]},{\"@type\":\"ImageObject\",\"inLanguage\":\"en-US\",\"@id\":\"https:\/\/www.lisensky-dvur.cz\/en\/childrens-activities-and-leisure-time\/#primaryimage\",\"url\":\"https:\/\/www.lisensky-dvur.cz\/wp-content\/uploads\/sites\/149\/2024\/06\/hotel_lisensky_dvur_vyziti-pro-deti_preview_02.jpg\",\"contentUrl\":\"https:\/\/www.lisensky-dvur.cz\/wp-content\/uploads\/sites\/149\/2024\/06\/hotel_lisensky_dvur_vyziti-pro-deti_preview_02.jpg\",\"width\":1200,\"height\":800},{\"@type\":\"BreadcrumbList\",\"@id\":\"https:\/\/www.lisensky-dvur.cz\/en\/childrens-activities-and-leisure-time\/#breadcrumb\",\"itemListElement\":[{\"@type\":\"ListItem\",\"position\":1,\"name\":\"Home\",\"item\":\"https:\/\/www.lisensky-dvur.cz\/en\/\"},{\"@type\":\"ListItem\",\"position\":2,\"name\":\"Children&#8217;s activities and leisure time\"}]},{\"@type\":\"WebSite\",\"@id\":\"https:\/\/www.lisensky-dvur.cz\/en\/#website\",\"url\":\"https:\/\/www.lisensky-dvur.cz\/en\/\",\"name\":\"Hotel L\u00ed\u0161ensk\u00fd Dv\u016fr\",\"description\":\"\",\"potentialAction\":[{\"@type\":\"SearchAction\",\"target\":{\"@type\":\"EntryPoint\",\"urlTemplate\":\"https:\/\/www.lisensky-dvur.cz\/en\/?s={search_term_string}\"},\"query-input\":\"required name=search_term_string\"}],\"inLanguage\":\"en-US\"}]}<\/script>\n<!-- \/ Yoast SEO plugin. -->","yoast_head_json":{"title":"Children's activities and leisure time &#183; Hotel L\u00ed\u0161ensk\u00fd Dv\u016fr &#183;","description":"Hotel L\u00ed\u0161ensk\u00fd Dv\u016fr is well equipped for families with children, but also for adults who want to spend their stay more actively.  Stays for families with children  Every parent who has tried to find a hotel or guesthouse suitable for families with children knows how difficult it is today. The spacious courtyard (3500 m2) with parkland is equipped with a children's playground, and thanks to its seclusion, children are completely safe","robots":{"index":"index","follow":"follow","max-snippet":"max-snippet:-1","max-image-preview":"max-image-preview:large","max-video-preview":"max-video-preview:-1"},"canonical":"https:\/\/www.lisensky-dvur.cz\/en\/childrens-activities-and-leisure-time\/","og_locale":"en_US","og_type":"article","og_title":"Children's activities and leisure time &#183; Hotel L\u00ed\u0161ensk\u00fd Dv\u016fr &#183;","og_description":"Hotel L\u00ed\u0161ensk\u00fd Dv\u016fr is well equipped for families with children, but also for adults who want to spend their stay more actively.  Stays for families with children  Every parent who has tried to find a hotel or guesthouse suitable for families with children knows how difficult it is today. The spacious courtyard (3500 m2) with parkland is equipped with a children's playground, and thanks to its seclusion, children are completely safe","og_url":"https:\/\/www.lisensky-dvur.cz\/en\/childrens-activities-and-leisure-time\/","og_site_name":"Hotel L\u00ed\u0161ensk\u00fd Dv\u016fr","article_publisher":"https:\/\/www.facebook.com\/LisenskyDvur","article_modified_time":"2025-03-01T13:24:12+00:00","og_image":[{"width":1200,"height":800,"url":"https:\/\/www.lisensky-dvur.cz\/wp-content\/uploads\/sites\/149\/2024\/06\/hotel_lisensky_dvur_vyziti-pro-deti_preview_02.jpg","type":"image\/jpeg"}],"twitter_card":"summary_large_image","twitter_misc":{"Est. reading time":"1 minute"},"schema":{"@context":"https:\/\/schema.org","@graph":[{"@type":"WebPage","@id":"https:\/\/www.lisensky-dvur.cz\/en\/childrens-activities-and-leisure-time\/","url":"https:\/\/www.lisensky-dvur.cz\/en\/childrens-activities-and-leisure-time\/","name":"Children's activities and leisure time &#183; Hotel L\u00ed\u0161ensk\u00fd Dv\u016fr &#183;","isPartOf":{"@id":"https:\/\/www.lisensky-dvur.cz\/en\/#website"},"primaryImageOfPage":{"@id":"https:\/\/www.lisensky-dvur.cz\/en\/childrens-activities-and-leisure-time\/#primaryimage"},"image":{"@id":"https:\/\/www.lisensky-dvur.cz\/en\/childrens-activities-and-leisure-time\/#primaryimage"},"thumbnailUrl":"https:\/\/www.lisensky-dvur.cz\/wp-content\/uploads\/sites\/149\/2024\/06\/hotel_lisensky_dvur_vyziti-pro-deti_preview_02.jpg","datePublished":"2024-06-05T09:08:43+00:00","dateModified":"2025-03-01T13:24:12+00:00","description":"Hotel L\u00ed\u0161ensk\u00fd Dv\u016fr is well equipped for families with children, but also for adults who want to spend their stay more actively. Stays for families with children Every parent who has tried to find a hotel or guesthouse suitable for families with children knows how difficult it is today. The spacious courtyard (3500 m2) with parkland is equipped with a children's playground, and thanks to its seclusion, children are completely safe","breadcrumb":{"@id":"https:\/\/www.lisensky-dvur.cz\/en\/childrens-activities-and-leisure-time\/#breadcrumb"},"inLanguage":"en-US","potentialAction":[{"@type":"ReadAction","target":["https:\/\/www.lisensky-dvur.cz\/en\/childrens-activities-and-leisure-time\/"]}]},{"@type":"ImageObject","inLanguage":"en-US","@id":"https:\/\/www.lisensky-dvur.cz\/en\/childrens-activities-and-leisure-time\/#primaryimage","url":"https:\/\/www.lisensky-dvur.cz\/wp-content\/uploads\/sites\/149\/2024\/06\/hotel_lisensky_dvur_vyziti-pro-deti_preview_02.jpg","contentUrl":"https:\/\/www.lisensky-dvur.cz\/wp-content\/uploads\/sites\/149\/2024\/06\/hotel_lisensky_dvur_vyziti-pro-deti_preview_02.jpg","width":1200,"height":800},{"@type":"BreadcrumbList","@id":"https:\/\/www.lisensky-dvur.cz\/en\/childrens-activities-and-leisure-time\/#breadcrumb","itemListElement":[{"@type":"ListItem","position":1,"name":"Home","item":"https:\/\/www.lisensky-dvur.cz\/en\/"},{"@type":"ListItem","position":2,"name":"Children&#8217;s activities and leisure time"}]},{"@type":"WebSite","@id":"https:\/\/www.lisensky-dvur.cz\/en\/#website","url":"https:\/\/www.lisensky-dvur.cz\/en\/","name":"Hotel L\u00ed\u0161ensk\u00fd Dv\u016fr","description":"","potentialAction":[{"@type":"SearchAction","target":{"@type":"EntryPoint","urlTemplate":"https:\/\/www.lisensky-dvur.cz\/en\/?s={search_term_string}"},"query-input":"required name=search_term_string"}],"inLanguage":"en-US"}]}},"acf":[],"_links":{"self":[{"href":"https:\/\/www.lisensky-dvur.cz\/en\/wp-json\/wp\/v2\/pages\/543"}],"collection":[{"href":"https:\/\/www.lisensky-dvur.cz\/en\/wp-json\/wp\/v2\/pages"}],"about":[{"href":"https:\/\/www.lisensky-dvur.cz\/en\/wp-json\/wp\/v2\/types\/page"}],"author":[{"embeddable":true,"href":"https:\/\/www.lisensky-dvur.cz\/en\/wp-json\/wp\/v2\/users\/189"}],"replies":[{"embeddable":true,"href":"https:\/\/www.lisensky-dvur.cz\/en\/wp-json\/wp\/v2\/comments?post=543"}],"version-history":[{"count":0,"href":"https:\/\/www.lisensky-dvur.cz\/en\/wp-json\/wp\/v2\/pages\/543\/revisions"}],"wp:featuredmedia":[{"embeddable":true,"href":"https:\/\/www.lisensky-dvur.cz\/en\/wp-json\/wp\/v2\/media\/296"}],"wp:attachment":[{"href":"https:\/\/www.lisensky-dvur.cz\/en\/wp-json\/wp\/v2\/media?parent=543"}],"curies":[{"name":"wp","href":"https:\/\/api.w.org\/{rel}","templated":true}]}}