{"id":541,"date":"2024-06-05T11:07:45","date_gmt":"2024-06-05T09:07:45","guid":{"rendered":"https:\/\/www.lisensky-dvur.cz\/?page_id=541"},"modified":"2025-03-01T13:57:26","modified_gmt":"2025-03-01T12:57:26","slug":"lounge-rentals","status":"publish","type":"page","link":"https:\/\/www.lisensky-dvur.cz\/en\/lounge-rentals\/","title":{"rendered":"Lounge rentals"},"content":{"rendered":"<p>We will offer you adequate premises and suitable technology.<\/p>\n<p>Resort L\u00ed\u0161ensk\u00fd Dv\u016fr offers its guests lounges for rent for various occasions. The rooms are suitable for various events such as mini conferences, seminars, exhibitions, presentations, workshops, banquets or weddings.<\/p>\n<p>Lego, Merck, Johnson &amp; Johnson, SANOFI, \u010cEZ, E-ON, the national biathlon association of Germany have already used our congress and hotel services.<\/p>\n<p><strong>There are three closed lounges:<\/strong><\/p>\n<ul>\n<li><a href=\"https:\/\/www.lisensky-dvur.cz\/en\/company-events\/two-lounges\/\">Upper Lounge<\/a><\/li>\n<li><a href=\"https:\/\/www.lisensky-dvur.cz\/en\/company-events\/two-lounges\/\">Lower lounge.<\/a><\/li>\n<li><a href=\"https:\/\/www.lisensky-dvur.cz\/en\/company-events\/our-two-congress-arrangements\/\">Small congress arrangement<\/a><\/li>\n<li><a href=\"https:\/\/www.lisensky-dvur.cz\/en\/company-events\/our-two-congress-arrangements\/\">Large congress arrangement<\/a><\/li>\n<\/ul>\n","protected":false},"excerpt":{"rendered":"<p>We will offer you adequate premises and suitable technology. Resort L\u00ed\u0161ensk\u00fd Dv\u016fr offers its guests lounges for rent for various occasions. The rooms are suitable for various events such as mini conferences, seminars, exhibitions, presentations, workshops, banquets or weddings. Lego, Merck, Johnson &amp; Johnson, SANOFI, \u010cEZ, E-ON, the national biathlon association of Germany have already [&hellip;]<\/p>\n","protected":false},"author":189,"featured_media":0,"parent":0,"menu_order":100,"comment_status":"closed","ping_status":"closed","template":"","meta":{"footnotes":""},"class_list":["post-541","page","type-page","status-publish","hentry"],"yoast_head":"<!-- This site is optimized with the Yoast SEO plugin v27.3 - https:\/\/yoast.com\/product\/yoast-seo-wordpress\/ -->\n<title>Lounge rentals &#183; Hotel L\u00ed\u0161ensk\u00fd Dv\u016fr &#183;<\/title>\n<meta name=\"description\" content=\"We will offer you adequate premises and suitable technology.  Resort L\u00ed\u0161ensk\u00fd Dv\u016fr offers its guests lounges for rent for various occasions. The rooms are suitable for various events such as mini conferences, seminars, exhibitions, presentations, workshops, banquets or weddings.  Lego, Merck, Johnson &amp; Johnson, SANOFI, \u010cEZ, E-ON, the national biathlon association of Germany have already used our congress and hotel services.  There are three closed lounges:   Upper Lounge  Lower lounge.  Small congress arrangement  Large congress arrangement\" \/>\n<meta name=\"robots\" content=\"index, follow, max-snippet:-1, max-image-preview:large, max-video-preview:-1\" \/>\n<link rel=\"canonical\" href=\"https:\/\/www.lisensky-dvur.cz\/en\/lounge-rentals\/\" \/>\n<meta property=\"og:locale\" content=\"en_US\" \/>\n<meta property=\"og:type\" content=\"article\" \/>\n<meta property=\"og:title\" content=\"Lounge rentals &#183; Hotel L\u00ed\u0161ensk\u00fd Dv\u016fr &#183;\" \/>\n<meta property=\"og:description\" content=\"We will offer you adequate premises and suitable technology.  Resort L\u00ed\u0161ensk\u00fd Dv\u016fr offers its guests lounges for rent for various occasions. The rooms are suitable for various events such as mini conferences, seminars, exhibitions, presentations, workshops, banquets or weddings.  Lego, Merck, Johnson &amp; Johnson, SANOFI, \u010cEZ, E-ON, the national biathlon association of Germany have already used our congress and hotel services.  There are three closed lounges:   Upper Lounge  Lower lounge.  Small congress arrangement  Large congress arrangement\" \/>\n<meta property=\"og:url\" content=\"https:\/\/www.lisensky-dvur.cz\/en\/lounge-rentals\/\" \/>\n<meta property=\"og:site_name\" content=\"Hotel L\u00ed\u0161ensk\u00fd Dv\u016fr\" \/>\n<meta property=\"article:publisher\" content=\"https:\/\/www.facebook.com\/LisenskyDvur\" \/>\n<meta property=\"article:modified_time\" content=\"2025-03-01T12:57:26+00:00\" \/>\n<meta name=\"twitter:card\" content=\"summary_large_image\" \/>\n<meta name=\"twitter:label1\" content=\"Est. reading time\" \/>\n\t<meta name=\"twitter:data1\" content=\"1 minute\" \/>\n<script type=\"application\/ld+json\" class=\"yoast-schema-graph\">{\"@context\":\"https:\\\/\\\/schema.org\",\"@graph\":[{\"@type\":\"WebPage\",\"@id\":\"https:\\\/\\\/www.lisensky-dvur.cz\\\/en\\\/lounge-rentals\\\/\",\"url\":\"https:\\\/\\\/www.lisensky-dvur.cz\\\/en\\\/lounge-rentals\\\/\",\"name\":\"Lounge rentals &#183; Hotel L\u00ed\u0161ensk\u00fd Dv\u016fr &#183;\",\"isPartOf\":{\"@id\":\"https:\\\/\\\/www.lisensky-dvur.cz\\\/en\\\/#website\"},\"datePublished\":\"2024-06-05T09:07:45+00:00\",\"dateModified\":\"2025-03-01T12:57:26+00:00\",\"description\":\"We will offer you adequate premises and suitable technology. Resort L\u00ed\u0161ensk\u00fd Dv\u016fr offers its guests lounges for rent for various occasions. The rooms are suitable for various events such as mini conferences, seminars, exhibitions, presentations, workshops, banquets or weddings. Lego, Merck, Johnson &amp; Johnson, SANOFI, \u010cEZ, E-ON, the national biathlon association of Germany have already used our congress and hotel services. There are three closed lounges: \u2022 Upper Lounge \u2022 Lower lounge. \u2022 Small congress arrangement \u2022 Large congress arrangement\",\"breadcrumb\":{\"@id\":\"https:\\\/\\\/www.lisensky-dvur.cz\\\/en\\\/lounge-rentals\\\/#breadcrumb\"},\"inLanguage\":\"en-US\",\"potentialAction\":[{\"@type\":\"ReadAction\",\"target\":[\"https:\\\/\\\/www.lisensky-dvur.cz\\\/en\\\/lounge-rentals\\\/\"]}]},{\"@type\":\"BreadcrumbList\",\"@id\":\"https:\\\/\\\/www.lisensky-dvur.cz\\\/en\\\/lounge-rentals\\\/#breadcrumb\",\"itemListElement\":[{\"@type\":\"ListItem\",\"position\":1,\"name\":\"Home\",\"item\":\"https:\\\/\\\/www.lisensky-dvur.cz\\\/en\\\/\"},{\"@type\":\"ListItem\",\"position\":2,\"name\":\"Lounge rentals\"}]},{\"@type\":\"WebSite\",\"@id\":\"https:\\\/\\\/www.lisensky-dvur.cz\\\/en\\\/#website\",\"url\":\"https:\\\/\\\/www.lisensky-dvur.cz\\\/en\\\/\",\"name\":\"Hotel L\u00ed\u0161ensk\u00fd Dv\u016fr\",\"description\":\"\",\"potentialAction\":[{\"@type\":\"SearchAction\",\"target\":{\"@type\":\"EntryPoint\",\"urlTemplate\":\"https:\\\/\\\/www.lisensky-dvur.cz\\\/en\\\/?s={search_term_string}\"},\"query-input\":{\"@type\":\"PropertyValueSpecification\",\"valueRequired\":true,\"valueName\":\"search_term_string\"}}],\"inLanguage\":\"en-US\"}]}<\/script>\n<!-- \/ Yoast SEO plugin. -->","yoast_head_json":{"title":"Lounge rentals &#183; Hotel L\u00ed\u0161ensk\u00fd Dv\u016fr &#183;","description":"We will offer you adequate premises and suitable technology.  Resort L\u00ed\u0161ensk\u00fd Dv\u016fr offers its guests lounges for rent for various occasions. The rooms are suitable for various events such as mini conferences, seminars, exhibitions, presentations, workshops, banquets or weddings.  Lego, Merck, Johnson &amp; Johnson, SANOFI, \u010cEZ, E-ON, the national biathlon association of Germany have already used our congress and hotel services.  There are three closed lounges:   Upper Lounge  Lower lounge.  Small congress arrangement  Large congress arrangement","robots":{"index":"index","follow":"follow","max-snippet":"max-snippet:-1","max-image-preview":"max-image-preview:large","max-video-preview":"max-video-preview:-1"},"canonical":"https:\/\/www.lisensky-dvur.cz\/en\/lounge-rentals\/","og_locale":"en_US","og_type":"article","og_title":"Lounge rentals &#183; Hotel L\u00ed\u0161ensk\u00fd Dv\u016fr &#183;","og_description":"We will offer you adequate premises and suitable technology.  Resort L\u00ed\u0161ensk\u00fd Dv\u016fr offers its guests lounges for rent for various occasions. The rooms are suitable for various events such as mini conferences, seminars, exhibitions, presentations, workshops, banquets or weddings.  Lego, Merck, Johnson &amp; Johnson, SANOFI, \u010cEZ, E-ON, the national biathlon association of Germany have already used our congress and hotel services.  There are three closed lounges:   Upper Lounge  Lower lounge.  Small congress arrangement  Large congress arrangement","og_url":"https:\/\/www.lisensky-dvur.cz\/en\/lounge-rentals\/","og_site_name":"Hotel L\u00ed\u0161ensk\u00fd Dv\u016fr","article_publisher":"https:\/\/www.facebook.com\/LisenskyDvur","article_modified_time":"2025-03-01T12:57:26+00:00","twitter_card":"summary_large_image","twitter_misc":{"Est. reading time":"1 minute"},"schema":{"@context":"https:\/\/schema.org","@graph":[{"@type":"WebPage","@id":"https:\/\/www.lisensky-dvur.cz\/en\/lounge-rentals\/","url":"https:\/\/www.lisensky-dvur.cz\/en\/lounge-rentals\/","name":"Lounge rentals &#183; Hotel L\u00ed\u0161ensk\u00fd Dv\u016fr &#183;","isPartOf":{"@id":"https:\/\/www.lisensky-dvur.cz\/en\/#website"},"datePublished":"2024-06-05T09:07:45+00:00","dateModified":"2025-03-01T12:57:26+00:00","description":"We will offer you adequate premises and suitable technology. Resort L\u00ed\u0161ensk\u00fd Dv\u016fr offers its guests lounges for rent for various occasions. The rooms are suitable for various events such as mini conferences, seminars, exhibitions, presentations, workshops, banquets or weddings. Lego, Merck, Johnson &amp; Johnson, SANOFI, \u010cEZ, E-ON, the national biathlon association of Germany have already used our congress and hotel services. There are three closed lounges: \u2022 Upper Lounge \u2022 Lower lounge. \u2022 Small congress arrangement \u2022 Large congress arrangement","breadcrumb":{"@id":"https:\/\/www.lisensky-dvur.cz\/en\/lounge-rentals\/#breadcrumb"},"inLanguage":"en-US","potentialAction":[{"@type":"ReadAction","target":["https:\/\/www.lisensky-dvur.cz\/en\/lounge-rentals\/"]}]},{"@type":"BreadcrumbList","@id":"https:\/\/www.lisensky-dvur.cz\/en\/lounge-rentals\/#breadcrumb","itemListElement":[{"@type":"ListItem","position":1,"name":"Home","item":"https:\/\/www.lisensky-dvur.cz\/en\/"},{"@type":"ListItem","position":2,"name":"Lounge rentals"}]},{"@type":"WebSite","@id":"https:\/\/www.lisensky-dvur.cz\/en\/#website","url":"https:\/\/www.lisensky-dvur.cz\/en\/","name":"Hotel L\u00ed\u0161ensk\u00fd Dv\u016fr","description":"","potentialAction":[{"@type":"SearchAction","target":{"@type":"EntryPoint","urlTemplate":"https:\/\/www.lisensky-dvur.cz\/en\/?s={search_term_string}"},"query-input":{"@type":"PropertyValueSpecification","valueRequired":true,"valueName":"search_term_string"}}],"inLanguage":"en-US"}]}},"acf":[],"_links":{"self":[{"href":"https:\/\/www.lisensky-dvur.cz\/en\/wp-json\/wp\/v2\/pages\/541","targetHints":{"allow":["GET"]}}],"collection":[{"href":"https:\/\/www.lisensky-dvur.cz\/en\/wp-json\/wp\/v2\/pages"}],"about":[{"href":"https:\/\/www.lisensky-dvur.cz\/en\/wp-json\/wp\/v2\/types\/page"}],"author":[{"embeddable":true,"href":"https:\/\/www.lisensky-dvur.cz\/en\/wp-json\/wp\/v2\/users\/189"}],"replies":[{"embeddable":true,"href":"https:\/\/www.lisensky-dvur.cz\/en\/wp-json\/wp\/v2\/comments?post=541"}],"version-history":[{"count":0,"href":"https:\/\/www.lisensky-dvur.cz\/en\/wp-json\/wp\/v2\/pages\/541\/revisions"}],"wp:attachment":[{"href":"https:\/\/www.lisensky-dvur.cz\/en\/wp-json\/wp\/v2\/media?parent=541"}],"curies":[{"name":"wp","href":"https:\/\/api.w.org\/{rel}","templated":true}]}}