{"id":538,"date":"2024-06-05T11:06:52","date_gmt":"2024-06-05T09:06:52","guid":{"rendered":"https:\/\/www.lisensky-dvur.cz\/?page_id=538"},"modified":"2025-08-20T17:33:04","modified_gmt":"2025-08-20T15:33:04","slug":"weddings","status":"publish","type":"page","link":"https:\/\/www.lisensky-dvur.cz\/en\/weddings\/","title":{"rendered":"Weddings"},"content":{"rendered":"<p>Say yes in the <strong>heart of the \u017d\u010f\u00e1rsk\u00fdch vrch\u016f<\/strong>\u00a0&#8211; in the beautiful historical premises of the four-star hotel L\u00ed\u0161ensk\u00fd Dv\u016fr, which date back to the 16th century. In the middle of nature, right next to the pond, there is a building that the actor Jan Werich or the artist and director Ji\u0159\u00ed Trnka liked to visit.<\/p>\n<p>In 2009, the building was sensitively renovated into a four-star hotel oriented towards families with children, privacy, relaxation and the possibility of organizing social events. Thanks to the hotel&#8217;s layout, it is possible to organize a ceremony and reception both <strong>in the open air in the large enclosed courtyard with parkland<\/strong>, and in the shelter of the reconstructed <a href=\"https:\/\/www.lisensky-dvur.cz\/en\/company-events\/the-barn\/\">barn with a fireplace.<\/a><\/p>\n<p><strong>We organize weddings all year round. Unforgettable winter weddings by a blazing fireplace with beautiful views of the surrounding area.<\/strong><\/p>\n<p>Let us help you make your dreams come true. Contact us for a no-obligation appointment. <strong>We are accepting reservations for the 2026\/2027 season.<\/strong><\/p>\n","protected":false},"excerpt":{"rendered":"<p>Say yes in the heart of the \u017d\u010f\u00e1rsk\u00fdch vrch\u016f\u00a0&#8211; in the beautiful historical premises of the four-star hotel L\u00ed\u0161ensk\u00fd Dv\u016fr, which date back to the 16th century. In the middle of nature, right next to the pond, there is a building that the actor Jan Werich or the artist and director Ji\u0159\u00ed Trnka liked to [&hellip;]<\/p>\n","protected":false},"author":189,"featured_media":353,"parent":0,"menu_order":80,"comment_status":"closed","ping_status":"closed","template":"template-weddings.php","meta":{"footnotes":""},"yoast_head":"<!-- This site is optimized with the Yoast SEO plugin v22.3 - https:\/\/yoast.com\/wordpress\/plugins\/seo\/ -->\n<title>Weddings &#183; Hotel L\u00ed\u0161ensk\u00fd Dv\u016fr &#183;<\/title>\n<meta name=\"description\" content=\"Say yes in the heart of the \u017d\u010f\u00e1rsk\u00fdch vrch\u016f\u00a0- in the beautiful historical premises of the four-star hotel L\u00ed\u0161ensk\u00fd Dv\u016fr, which date back to the 16th century. In the middle of nature, right next to the pond, there is a building that the actor Jan Werich or the artist and director Ji\u0159\u00ed Trnka liked to visit.  In 2009, the building was sensitively renovated into a four-star hotel oriented towards families with children, privacy, relaxation and the possibility of organizing social events\" \/>\n<meta name=\"robots\" content=\"index, follow, max-snippet:-1, max-image-preview:large, max-video-preview:-1\" \/>\n<link rel=\"canonical\" href=\"https:\/\/www.lisensky-dvur.cz\/en\/weddings\/\" \/>\n<meta property=\"og:locale\" content=\"en_US\" \/>\n<meta property=\"og:type\" content=\"article\" \/>\n<meta property=\"og:title\" content=\"Weddings &#183; Hotel L\u00ed\u0161ensk\u00fd Dv\u016fr &#183;\" \/>\n<meta property=\"og:description\" content=\"Say yes in the heart of the \u017d\u010f\u00e1rsk\u00fdch vrch\u016f\u00a0- in the beautiful historical premises of the four-star hotel L\u00ed\u0161ensk\u00fd Dv\u016fr, which date back to the 16th century. In the middle of nature, right next to the pond, there is a building that the actor Jan Werich or the artist and director Ji\u0159\u00ed Trnka liked to visit.  In 2009, the building was sensitively renovated into a four-star hotel oriented towards families with children, privacy, relaxation and the possibility of organizing social events\" \/>\n<meta property=\"og:url\" content=\"https:\/\/www.lisensky-dvur.cz\/en\/weddings\/\" \/>\n<meta property=\"og:site_name\" content=\"Hotel L\u00ed\u0161ensk\u00fd Dv\u016fr\" \/>\n<meta property=\"article:publisher\" content=\"https:\/\/www.facebook.com\/LisenskyDvur\" \/>\n<meta property=\"article:modified_time\" content=\"2025-08-20T15:33:04+00:00\" \/>\n<meta property=\"og:image\" content=\"https:\/\/www.lisensky-dvur.cz\/wp-content\/uploads\/sites\/149\/2024\/06\/hotel_lisensky_dvur_svatby_gallery_01.jpg\" \/>\n\t<meta property=\"og:image:width\" content=\"1200\" \/>\n\t<meta property=\"og:image:height\" content=\"800\" \/>\n\t<meta property=\"og:image:type\" content=\"image\/jpeg\" \/>\n<meta name=\"twitter:card\" content=\"summary_large_image\" \/>\n<meta name=\"twitter:label1\" content=\"Est. reading time\" \/>\n\t<meta name=\"twitter:data1\" content=\"2 minutes\" \/>\n<script type=\"application\/ld+json\" class=\"yoast-schema-graph\">{\"@context\":\"https:\/\/schema.org\",\"@graph\":[{\"@type\":\"WebPage\",\"@id\":\"https:\/\/www.lisensky-dvur.cz\/en\/weddings\/\",\"url\":\"https:\/\/www.lisensky-dvur.cz\/en\/weddings\/\",\"name\":\"Weddings &#183; Hotel L\u00ed\u0161ensk\u00fd Dv\u016fr &#183;\",\"isPartOf\":{\"@id\":\"https:\/\/www.lisensky-dvur.cz\/en\/#website\"},\"primaryImageOfPage\":{\"@id\":\"https:\/\/www.lisensky-dvur.cz\/en\/weddings\/#primaryimage\"},\"image\":{\"@id\":\"https:\/\/www.lisensky-dvur.cz\/en\/weddings\/#primaryimage\"},\"thumbnailUrl\":\"https:\/\/www.lisensky-dvur.cz\/wp-content\/uploads\/sites\/149\/2024\/06\/hotel_lisensky_dvur_svatby_gallery_01.jpg\",\"datePublished\":\"2024-06-05T09:06:52+00:00\",\"dateModified\":\"2025-08-20T15:33:04+00:00\",\"description\":\"Say yes in the heart of the \u017d\u010f\u00e1rsk\u00fdch vrch\u016f\u00a0- in the beautiful historical premises of the four-star hotel L\u00ed\u0161ensk\u00fd Dv\u016fr, which date back to the 16th century. In the middle of nature, right next to the pond, there is a building that the actor Jan Werich or the artist and director Ji\u0159\u00ed Trnka liked to visit. In 2009, the building was sensitively renovated into a four-star hotel oriented towards families with children, privacy, relaxation and the possibility of organizing social events\",\"breadcrumb\":{\"@id\":\"https:\/\/www.lisensky-dvur.cz\/en\/weddings\/#breadcrumb\"},\"inLanguage\":\"en-US\",\"potentialAction\":[{\"@type\":\"ReadAction\",\"target\":[\"https:\/\/www.lisensky-dvur.cz\/en\/weddings\/\"]}]},{\"@type\":\"ImageObject\",\"inLanguage\":\"en-US\",\"@id\":\"https:\/\/www.lisensky-dvur.cz\/en\/weddings\/#primaryimage\",\"url\":\"https:\/\/www.lisensky-dvur.cz\/wp-content\/uploads\/sites\/149\/2024\/06\/hotel_lisensky_dvur_svatby_gallery_01.jpg\",\"contentUrl\":\"https:\/\/www.lisensky-dvur.cz\/wp-content\/uploads\/sites\/149\/2024\/06\/hotel_lisensky_dvur_svatby_gallery_01.jpg\",\"width\":1200,\"height\":800},{\"@type\":\"BreadcrumbList\",\"@id\":\"https:\/\/www.lisensky-dvur.cz\/en\/weddings\/#breadcrumb\",\"itemListElement\":[{\"@type\":\"ListItem\",\"position\":1,\"name\":\"Home\",\"item\":\"https:\/\/www.lisensky-dvur.cz\/en\/\"},{\"@type\":\"ListItem\",\"position\":2,\"name\":\"Weddings\"}]},{\"@type\":\"WebSite\",\"@id\":\"https:\/\/www.lisensky-dvur.cz\/en\/#website\",\"url\":\"https:\/\/www.lisensky-dvur.cz\/en\/\",\"name\":\"Hotel L\u00ed\u0161ensk\u00fd Dv\u016fr\",\"description\":\"\",\"potentialAction\":[{\"@type\":\"SearchAction\",\"target\":{\"@type\":\"EntryPoint\",\"urlTemplate\":\"https:\/\/www.lisensky-dvur.cz\/en\/?s={search_term_string}\"},\"query-input\":\"required name=search_term_string\"}],\"inLanguage\":\"en-US\"}]}<\/script>\n<!-- \/ Yoast SEO plugin. -->","yoast_head_json":{"title":"Weddings &#183; Hotel L\u00ed\u0161ensk\u00fd Dv\u016fr &#183;","description":"Say yes in the heart of the \u017d\u010f\u00e1rsk\u00fdch vrch\u016f\u00a0- in the beautiful historical premises of the four-star hotel L\u00ed\u0161ensk\u00fd Dv\u016fr, which date back to the 16th century. In the middle of nature, right next to the pond, there is a building that the actor Jan Werich or the artist and director Ji\u0159\u00ed Trnka liked to visit.  In 2009, the building was sensitively renovated into a four-star hotel oriented towards families with children, privacy, relaxation and the possibility of organizing social events","robots":{"index":"index","follow":"follow","max-snippet":"max-snippet:-1","max-image-preview":"max-image-preview:large","max-video-preview":"max-video-preview:-1"},"canonical":"https:\/\/www.lisensky-dvur.cz\/en\/weddings\/","og_locale":"en_US","og_type":"article","og_title":"Weddings &#183; Hotel L\u00ed\u0161ensk\u00fd Dv\u016fr &#183;","og_description":"Say yes in the heart of the \u017d\u010f\u00e1rsk\u00fdch vrch\u016f\u00a0- in the beautiful historical premises of the four-star hotel L\u00ed\u0161ensk\u00fd Dv\u016fr, which date back to the 16th century. In the middle of nature, right next to the pond, there is a building that the actor Jan Werich or the artist and director Ji\u0159\u00ed Trnka liked to visit.  In 2009, the building was sensitively renovated into a four-star hotel oriented towards families with children, privacy, relaxation and the possibility of organizing social events","og_url":"https:\/\/www.lisensky-dvur.cz\/en\/weddings\/","og_site_name":"Hotel L\u00ed\u0161ensk\u00fd Dv\u016fr","article_publisher":"https:\/\/www.facebook.com\/LisenskyDvur","article_modified_time":"2025-08-20T15:33:04+00:00","og_image":[{"width":1200,"height":800,"url":"https:\/\/www.lisensky-dvur.cz\/wp-content\/uploads\/sites\/149\/2024\/06\/hotel_lisensky_dvur_svatby_gallery_01.jpg","type":"image\/jpeg"}],"twitter_card":"summary_large_image","twitter_misc":{"Est. reading time":"2 minutes"},"schema":{"@context":"https:\/\/schema.org","@graph":[{"@type":"WebPage","@id":"https:\/\/www.lisensky-dvur.cz\/en\/weddings\/","url":"https:\/\/www.lisensky-dvur.cz\/en\/weddings\/","name":"Weddings &#183; Hotel L\u00ed\u0161ensk\u00fd Dv\u016fr &#183;","isPartOf":{"@id":"https:\/\/www.lisensky-dvur.cz\/en\/#website"},"primaryImageOfPage":{"@id":"https:\/\/www.lisensky-dvur.cz\/en\/weddings\/#primaryimage"},"image":{"@id":"https:\/\/www.lisensky-dvur.cz\/en\/weddings\/#primaryimage"},"thumbnailUrl":"https:\/\/www.lisensky-dvur.cz\/wp-content\/uploads\/sites\/149\/2024\/06\/hotel_lisensky_dvur_svatby_gallery_01.jpg","datePublished":"2024-06-05T09:06:52+00:00","dateModified":"2025-08-20T15:33:04+00:00","description":"Say yes in the heart of the \u017d\u010f\u00e1rsk\u00fdch vrch\u016f\u00a0- in the beautiful historical premises of the four-star hotel L\u00ed\u0161ensk\u00fd Dv\u016fr, which date back to the 16th century. In the middle of nature, right next to the pond, there is a building that the actor Jan Werich or the artist and director Ji\u0159\u00ed Trnka liked to visit. In 2009, the building was sensitively renovated into a four-star hotel oriented towards families with children, privacy, relaxation and the possibility of organizing social events","breadcrumb":{"@id":"https:\/\/www.lisensky-dvur.cz\/en\/weddings\/#breadcrumb"},"inLanguage":"en-US","potentialAction":[{"@type":"ReadAction","target":["https:\/\/www.lisensky-dvur.cz\/en\/weddings\/"]}]},{"@type":"ImageObject","inLanguage":"en-US","@id":"https:\/\/www.lisensky-dvur.cz\/en\/weddings\/#primaryimage","url":"https:\/\/www.lisensky-dvur.cz\/wp-content\/uploads\/sites\/149\/2024\/06\/hotel_lisensky_dvur_svatby_gallery_01.jpg","contentUrl":"https:\/\/www.lisensky-dvur.cz\/wp-content\/uploads\/sites\/149\/2024\/06\/hotel_lisensky_dvur_svatby_gallery_01.jpg","width":1200,"height":800},{"@type":"BreadcrumbList","@id":"https:\/\/www.lisensky-dvur.cz\/en\/weddings\/#breadcrumb","itemListElement":[{"@type":"ListItem","position":1,"name":"Home","item":"https:\/\/www.lisensky-dvur.cz\/en\/"},{"@type":"ListItem","position":2,"name":"Weddings"}]},{"@type":"WebSite","@id":"https:\/\/www.lisensky-dvur.cz\/en\/#website","url":"https:\/\/www.lisensky-dvur.cz\/en\/","name":"Hotel L\u00ed\u0161ensk\u00fd Dv\u016fr","description":"","potentialAction":[{"@type":"SearchAction","target":{"@type":"EntryPoint","urlTemplate":"https:\/\/www.lisensky-dvur.cz\/en\/?s={search_term_string}"},"query-input":"required name=search_term_string"}],"inLanguage":"en-US"}]}},"acf":[],"_links":{"self":[{"href":"https:\/\/www.lisensky-dvur.cz\/en\/wp-json\/wp\/v2\/pages\/538"}],"collection":[{"href":"https:\/\/www.lisensky-dvur.cz\/en\/wp-json\/wp\/v2\/pages"}],"about":[{"href":"https:\/\/www.lisensky-dvur.cz\/en\/wp-json\/wp\/v2\/types\/page"}],"author":[{"embeddable":true,"href":"https:\/\/www.lisensky-dvur.cz\/en\/wp-json\/wp\/v2\/users\/189"}],"replies":[{"embeddable":true,"href":"https:\/\/www.lisensky-dvur.cz\/en\/wp-json\/wp\/v2\/comments?post=538"}],"version-history":[{"count":0,"href":"https:\/\/www.lisensky-dvur.cz\/en\/wp-json\/wp\/v2\/pages\/538\/revisions"}],"wp:featuredmedia":[{"embeddable":true,"href":"https:\/\/www.lisensky-dvur.cz\/en\/wp-json\/wp\/v2\/media\/353"}],"wp:attachment":[{"href":"https:\/\/www.lisensky-dvur.cz\/en\/wp-json\/wp\/v2\/media?parent=538"}],"curies":[{"name":"wp","href":"https:\/\/api.w.org\/{rel}","templated":true}]}}