{"id":534,"date":"2024-06-05T11:56:38","date_gmt":"2024-06-05T09:56:38","guid":{"rendered":"https:\/\/www.lisensky-dvur.cz\/?page_id=534"},"modified":"2025-03-01T12:34:28","modified_gmt":"2025-03-01T11:34:28","slug":"the-barn","status":"publish","type":"page","link":"https:\/\/www.lisensky-dvur.cz\/en\/company-events\/the-barn\/","title":{"rendered":"The Barn"},"content":{"rendered":"<p>A great place for corporate events, celebrations or weddings is our renovated barn, which can seat up to 100 people. The barn is equipped with a smokehouse, dance floor and solid wood furniture. The pleasant atmosphere of the barn is completed by designer lighting. You will appreciate the barn especially in the summer, on sultry days there is a pleasant temperature. This is thanks to the old stone walls and the location under the massive trees at the edge of the yard.<\/p>\n<ul>\n<li>100 seats,<\/li>\n<li>smokehouse,<\/li>\n<li>dance floor,<\/li>\n<li>solid wood furniture.<\/li>\n<\/ul>\n","protected":false},"excerpt":{"rendered":"<p>A great place for corporate events, celebrations or weddings is our renovated barn, which can seat up to 100 people. The barn is equipped with a smokehouse, dance floor and solid wood furniture. The pleasant atmosphere of the barn is completed by designer lighting. You will appreciate the barn especially in the summer, on sultry [&hellip;]<\/p>\n","protected":false},"author":189,"featured_media":237,"parent":532,"menu_order":30,"comment_status":"closed","ping_status":"closed","template":"template-default-2.php","meta":{"footnotes":""},"yoast_head":"<!-- This site is optimized with the Yoast SEO plugin v22.3 - https:\/\/yoast.com\/wordpress\/plugins\/seo\/ -->\n<title>The Barn &#183; Hotel L\u00ed\u0161ensk\u00fd Dv\u016fr &#183;<\/title>\n<meta name=\"description\" content=\"A great place for corporate events, celebrations or weddings is our renovated barn, which can seat up to 100 people. The barn is equipped with a smokehouse, dance floor and solid wood furniture\" \/>\n<meta name=\"robots\" content=\"index, follow, max-snippet:-1, max-image-preview:large, max-video-preview:-1\" \/>\n<link rel=\"canonical\" href=\"https:\/\/www.lisensky-dvur.cz\/en\/company-events\/the-barn\/\" \/>\n<meta property=\"og:locale\" content=\"en_US\" \/>\n<meta property=\"og:type\" content=\"article\" \/>\n<meta property=\"og:title\" content=\"The Barn &#183; Hotel L\u00ed\u0161ensk\u00fd Dv\u016fr &#183;\" \/>\n<meta property=\"og:description\" content=\"A great place for corporate events, celebrations or weddings is our renovated barn, which can seat up to 100 people. The barn is equipped with a smokehouse, dance floor and solid wood furniture\" \/>\n<meta property=\"og:url\" content=\"https:\/\/www.lisensky-dvur.cz\/en\/company-events\/the-barn\/\" \/>\n<meta property=\"og:site_name\" content=\"Hotel L\u00ed\u0161ensk\u00fd Dv\u016fr\" \/>\n<meta property=\"article:publisher\" content=\"https:\/\/www.facebook.com\/LisenskyDvur\" \/>\n<meta property=\"article:modified_time\" content=\"2025-03-01T11:34:28+00:00\" \/>\n<meta property=\"og:image\" content=\"https:\/\/www.lisensky-dvur.cz\/wp-content\/uploads\/sites\/149\/2024\/06\/hotel_lisensky_dvur_fremni_akce_stodola_gallery_05.jpg\" \/>\n\t<meta property=\"og:image:width\" content=\"1200\" \/>\n\t<meta property=\"og:image:height\" content=\"800\" \/>\n\t<meta property=\"og:image:type\" content=\"image\/jpeg\" \/>\n<meta name=\"twitter:card\" content=\"summary_large_image\" \/>\n<meta name=\"twitter:label1\" content=\"Est. reading time\" \/>\n\t<meta name=\"twitter:data1\" content=\"1 minute\" \/>\n<script type=\"application\/ld+json\" class=\"yoast-schema-graph\">{\"@context\":\"https:\/\/schema.org\",\"@graph\":[{\"@type\":\"WebPage\",\"@id\":\"https:\/\/www.lisensky-dvur.cz\/en\/company-events\/the-barn\/\",\"url\":\"https:\/\/www.lisensky-dvur.cz\/en\/company-events\/the-barn\/\",\"name\":\"The Barn &#183; Hotel L\u00ed\u0161ensk\u00fd Dv\u016fr &#183;\",\"isPartOf\":{\"@id\":\"https:\/\/www.lisensky-dvur.cz\/en\/#website\"},\"primaryImageOfPage\":{\"@id\":\"https:\/\/www.lisensky-dvur.cz\/en\/company-events\/the-barn\/#primaryimage\"},\"image\":{\"@id\":\"https:\/\/www.lisensky-dvur.cz\/en\/company-events\/the-barn\/#primaryimage\"},\"thumbnailUrl\":\"https:\/\/www.lisensky-dvur.cz\/wp-content\/uploads\/sites\/149\/2024\/06\/hotel_lisensky_dvur_fremni_akce_stodola_gallery_05.jpg\",\"datePublished\":\"2024-06-05T09:56:38+00:00\",\"dateModified\":\"2025-03-01T11:34:28+00:00\",\"description\":\"A great place for corporate events, celebrations or weddings is our renovated barn, which can seat up to 100 people. The barn is equipped with a smokehouse, dance floor and solid wood furniture\",\"breadcrumb\":{\"@id\":\"https:\/\/www.lisensky-dvur.cz\/en\/company-events\/the-barn\/#breadcrumb\"},\"inLanguage\":\"en-US\",\"potentialAction\":[{\"@type\":\"ReadAction\",\"target\":[\"https:\/\/www.lisensky-dvur.cz\/en\/company-events\/the-barn\/\"]}]},{\"@type\":\"ImageObject\",\"inLanguage\":\"en-US\",\"@id\":\"https:\/\/www.lisensky-dvur.cz\/en\/company-events\/the-barn\/#primaryimage\",\"url\":\"https:\/\/www.lisensky-dvur.cz\/wp-content\/uploads\/sites\/149\/2024\/06\/hotel_lisensky_dvur_fremni_akce_stodola_gallery_05.jpg\",\"contentUrl\":\"https:\/\/www.lisensky-dvur.cz\/wp-content\/uploads\/sites\/149\/2024\/06\/hotel_lisensky_dvur_fremni_akce_stodola_gallery_05.jpg\",\"width\":1200,\"height\":800},{\"@type\":\"BreadcrumbList\",\"@id\":\"https:\/\/www.lisensky-dvur.cz\/en\/company-events\/the-barn\/#breadcrumb\",\"itemListElement\":[{\"@type\":\"ListItem\",\"position\":1,\"name\":\"Home\",\"item\":\"https:\/\/www.lisensky-dvur.cz\/en\/\"},{\"@type\":\"ListItem\",\"position\":2,\"name\":\"Company events\",\"item\":\"https:\/\/www.lisensky-dvur.cz\/en\/company-events\/\"},{\"@type\":\"ListItem\",\"position\":3,\"name\":\"The Barn\"}]},{\"@type\":\"WebSite\",\"@id\":\"https:\/\/www.lisensky-dvur.cz\/en\/#website\",\"url\":\"https:\/\/www.lisensky-dvur.cz\/en\/\",\"name\":\"Hotel L\u00ed\u0161ensk\u00fd Dv\u016fr\",\"description\":\"\",\"potentialAction\":[{\"@type\":\"SearchAction\",\"target\":{\"@type\":\"EntryPoint\",\"urlTemplate\":\"https:\/\/www.lisensky-dvur.cz\/en\/?s={search_term_string}\"},\"query-input\":\"required name=search_term_string\"}],\"inLanguage\":\"en-US\"}]}<\/script>\n<!-- \/ Yoast SEO plugin. -->","yoast_head_json":{"title":"The Barn &#183; Hotel L\u00ed\u0161ensk\u00fd Dv\u016fr &#183;","description":"A great place for corporate events, celebrations or weddings is our renovated barn, which can seat up to 100 people. The barn is equipped with a smokehouse, dance floor and solid wood furniture","robots":{"index":"index","follow":"follow","max-snippet":"max-snippet:-1","max-image-preview":"max-image-preview:large","max-video-preview":"max-video-preview:-1"},"canonical":"https:\/\/www.lisensky-dvur.cz\/en\/company-events\/the-barn\/","og_locale":"en_US","og_type":"article","og_title":"The Barn &#183; Hotel L\u00ed\u0161ensk\u00fd Dv\u016fr &#183;","og_description":"A great place for corporate events, celebrations or weddings is our renovated barn, which can seat up to 100 people. The barn is equipped with a smokehouse, dance floor and solid wood furniture","og_url":"https:\/\/www.lisensky-dvur.cz\/en\/company-events\/the-barn\/","og_site_name":"Hotel L\u00ed\u0161ensk\u00fd Dv\u016fr","article_publisher":"https:\/\/www.facebook.com\/LisenskyDvur","article_modified_time":"2025-03-01T11:34:28+00:00","og_image":[{"width":1200,"height":800,"url":"https:\/\/www.lisensky-dvur.cz\/wp-content\/uploads\/sites\/149\/2024\/06\/hotel_lisensky_dvur_fremni_akce_stodola_gallery_05.jpg","type":"image\/jpeg"}],"twitter_card":"summary_large_image","twitter_misc":{"Est. reading time":"1 minute"},"schema":{"@context":"https:\/\/schema.org","@graph":[{"@type":"WebPage","@id":"https:\/\/www.lisensky-dvur.cz\/en\/company-events\/the-barn\/","url":"https:\/\/www.lisensky-dvur.cz\/en\/company-events\/the-barn\/","name":"The Barn &#183; Hotel L\u00ed\u0161ensk\u00fd Dv\u016fr &#183;","isPartOf":{"@id":"https:\/\/www.lisensky-dvur.cz\/en\/#website"},"primaryImageOfPage":{"@id":"https:\/\/www.lisensky-dvur.cz\/en\/company-events\/the-barn\/#primaryimage"},"image":{"@id":"https:\/\/www.lisensky-dvur.cz\/en\/company-events\/the-barn\/#primaryimage"},"thumbnailUrl":"https:\/\/www.lisensky-dvur.cz\/wp-content\/uploads\/sites\/149\/2024\/06\/hotel_lisensky_dvur_fremni_akce_stodola_gallery_05.jpg","datePublished":"2024-06-05T09:56:38+00:00","dateModified":"2025-03-01T11:34:28+00:00","description":"A great place for corporate events, celebrations or weddings is our renovated barn, which can seat up to 100 people. The barn is equipped with a smokehouse, dance floor and solid wood furniture","breadcrumb":{"@id":"https:\/\/www.lisensky-dvur.cz\/en\/company-events\/the-barn\/#breadcrumb"},"inLanguage":"en-US","potentialAction":[{"@type":"ReadAction","target":["https:\/\/www.lisensky-dvur.cz\/en\/company-events\/the-barn\/"]}]},{"@type":"ImageObject","inLanguage":"en-US","@id":"https:\/\/www.lisensky-dvur.cz\/en\/company-events\/the-barn\/#primaryimage","url":"https:\/\/www.lisensky-dvur.cz\/wp-content\/uploads\/sites\/149\/2024\/06\/hotel_lisensky_dvur_fremni_akce_stodola_gallery_05.jpg","contentUrl":"https:\/\/www.lisensky-dvur.cz\/wp-content\/uploads\/sites\/149\/2024\/06\/hotel_lisensky_dvur_fremni_akce_stodola_gallery_05.jpg","width":1200,"height":800},{"@type":"BreadcrumbList","@id":"https:\/\/www.lisensky-dvur.cz\/en\/company-events\/the-barn\/#breadcrumb","itemListElement":[{"@type":"ListItem","position":1,"name":"Home","item":"https:\/\/www.lisensky-dvur.cz\/en\/"},{"@type":"ListItem","position":2,"name":"Company events","item":"https:\/\/www.lisensky-dvur.cz\/en\/company-events\/"},{"@type":"ListItem","position":3,"name":"The Barn"}]},{"@type":"WebSite","@id":"https:\/\/www.lisensky-dvur.cz\/en\/#website","url":"https:\/\/www.lisensky-dvur.cz\/en\/","name":"Hotel L\u00ed\u0161ensk\u00fd Dv\u016fr","description":"","potentialAction":[{"@type":"SearchAction","target":{"@type":"EntryPoint","urlTemplate":"https:\/\/www.lisensky-dvur.cz\/en\/?s={search_term_string}"},"query-input":"required name=search_term_string"}],"inLanguage":"en-US"}]}},"acf":[],"_links":{"self":[{"href":"https:\/\/www.lisensky-dvur.cz\/en\/wp-json\/wp\/v2\/pages\/534"}],"collection":[{"href":"https:\/\/www.lisensky-dvur.cz\/en\/wp-json\/wp\/v2\/pages"}],"about":[{"href":"https:\/\/www.lisensky-dvur.cz\/en\/wp-json\/wp\/v2\/types\/page"}],"author":[{"embeddable":true,"href":"https:\/\/www.lisensky-dvur.cz\/en\/wp-json\/wp\/v2\/users\/189"}],"replies":[{"embeddable":true,"href":"https:\/\/www.lisensky-dvur.cz\/en\/wp-json\/wp\/v2\/comments?post=534"}],"version-history":[{"count":0,"href":"https:\/\/www.lisensky-dvur.cz\/en\/wp-json\/wp\/v2\/pages\/534\/revisions"}],"up":[{"embeddable":true,"href":"https:\/\/www.lisensky-dvur.cz\/en\/wp-json\/wp\/v2\/pages\/532"}],"wp:featuredmedia":[{"embeddable":true,"href":"https:\/\/www.lisensky-dvur.cz\/en\/wp-json\/wp\/v2\/media\/237"}],"wp:attachment":[{"href":"https:\/\/www.lisensky-dvur.cz\/en\/wp-json\/wp\/v2\/media?parent=534"}],"curies":[{"name":"wp","href":"https:\/\/api.w.org\/{rel}","templated":true}]}}