{"id":532,"date":"2024-06-05T11:05:59","date_gmt":"2024-06-05T09:05:59","guid":{"rendered":"https:\/\/www.lisensky-dvur.cz\/?page_id=532"},"modified":"2025-03-07T12:48:35","modified_gmt":"2025-03-07T11:48:35","slug":"company-events","status":"publish","type":"page","link":"https:\/\/www.lisensky-dvur.cz\/en\/company-events\/","title":{"rendered":"Company events"},"content":{"rendered":"<p>Whether you&#8217;re looking for a seminar, an away meeting, or a teambuilding event &#8211; there is a hotel in the heart of the \u017d\u010f\u00e1rsk\u00e9 vrchy Mountains that will exceed your expectations. The hotel is located in the middle of nature with a view of the hotel pond. This historic building dates back to the 16th century and according to preserved sources, the actor Jan Werich or the artist and director Ji\u0159\u00ed Trnka liked to visit it. In 2009, the building underwent a sensitive reconstruction into a four-star hotel oriented towards privacy, relaxation and social events.<\/p>\n<p>Thanks to the hotel&#8217;s layout, it is possible to make use of a large courtyard with a 4,000-metre park, an enclosed congress barn with a fireplace and a capacity of up to 100 people, or one of three smaller lounges.<\/p>\n<p>You&#8217;ve found the space for your next corporate event. <a href=\"https:\/\/www.lisensky-dvur.cz\/en\/where-are-we\/\">Contact us<\/a> for a no-obligation consultation.<\/p>\n","protected":false},"excerpt":{"rendered":"<p>Whether you&#8217;re looking for a seminar, an away meeting, or a teambuilding event &#8211; there is a hotel in the heart of the \u017d\u010f\u00e1rsk\u00e9 vrchy Mountains that will exceed your expectations. The hotel is located in the middle of nature with a view of the hotel pond. This historic building dates back to the 16th [&hellip;]<\/p>\n","protected":false},"author":189,"featured_media":225,"parent":0,"menu_order":70,"comment_status":"closed","ping_status":"closed","template":"template-meeting.php","meta":{"footnotes":""},"yoast_head":"<!-- This site is optimized with the Yoast SEO plugin v22.3 - https:\/\/yoast.com\/wordpress\/plugins\/seo\/ -->\n<title>Company events &#183; Hotel L\u00ed\u0161ensk\u00fd Dv\u016fr &#183;<\/title>\n<meta name=\"description\" content=\"Whether you&#039;re looking for a seminar, an away meeting, or a teambuilding event - there is a hotel in the heart of the \u017d\u010f\u00e1rsk\u00e9 vrchy Mountains that will exceed your expectations. The hotel is located in the middle of nature with a view of the hotel pond\" \/>\n<meta name=\"robots\" content=\"index, follow, max-snippet:-1, max-image-preview:large, max-video-preview:-1\" \/>\n<link rel=\"canonical\" href=\"https:\/\/www.lisensky-dvur.cz\/en\/company-events\/\" \/>\n<meta property=\"og:locale\" content=\"en_US\" \/>\n<meta property=\"og:type\" content=\"article\" \/>\n<meta property=\"og:title\" content=\"Company events &#183; Hotel L\u00ed\u0161ensk\u00fd Dv\u016fr &#183;\" \/>\n<meta property=\"og:description\" content=\"Whether you&#039;re looking for a seminar, an away meeting, or a teambuilding event - there is a hotel in the heart of the \u017d\u010f\u00e1rsk\u00e9 vrchy Mountains that will exceed your expectations. The hotel is located in the middle of nature with a view of the hotel pond\" \/>\n<meta property=\"og:url\" content=\"https:\/\/www.lisensky-dvur.cz\/en\/company-events\/\" \/>\n<meta property=\"og:site_name\" content=\"Hotel L\u00ed\u0161ensk\u00fd Dv\u016fr\" \/>\n<meta property=\"article:publisher\" content=\"https:\/\/www.facebook.com\/LisenskyDvur\" \/>\n<meta property=\"article:modified_time\" content=\"2025-03-07T11:48:35+00:00\" \/>\n<meta property=\"og:image\" content=\"https:\/\/www.lisensky-dvur.cz\/wp-content\/uploads\/sites\/149\/2024\/06\/hotel_lisensky_dvur_fremni_akce_preview_01.jpg\" \/>\n\t<meta property=\"og:image:width\" content=\"1200\" \/>\n\t<meta property=\"og:image:height\" content=\"800\" \/>\n\t<meta property=\"og:image:type\" content=\"image\/jpeg\" \/>\n<meta name=\"twitter:card\" content=\"summary_large_image\" \/>\n<meta name=\"twitter:label1\" content=\"Est. reading time\" \/>\n\t<meta name=\"twitter:data1\" content=\"1 minute\" \/>\n<script type=\"application\/ld+json\" class=\"yoast-schema-graph\">{\"@context\":\"https:\/\/schema.org\",\"@graph\":[{\"@type\":\"WebPage\",\"@id\":\"https:\/\/www.lisensky-dvur.cz\/en\/company-events\/\",\"url\":\"https:\/\/www.lisensky-dvur.cz\/en\/company-events\/\",\"name\":\"Company events &#183; Hotel L\u00ed\u0161ensk\u00fd Dv\u016fr &#183;\",\"isPartOf\":{\"@id\":\"https:\/\/www.lisensky-dvur.cz\/en\/#website\"},\"primaryImageOfPage\":{\"@id\":\"https:\/\/www.lisensky-dvur.cz\/en\/company-events\/#primaryimage\"},\"image\":{\"@id\":\"https:\/\/www.lisensky-dvur.cz\/en\/company-events\/#primaryimage\"},\"thumbnailUrl\":\"https:\/\/www.lisensky-dvur.cz\/wp-content\/uploads\/sites\/149\/2024\/06\/hotel_lisensky_dvur_fremni_akce_preview_01.jpg\",\"datePublished\":\"2024-06-05T09:05:59+00:00\",\"dateModified\":\"2025-03-07T11:48:35+00:00\",\"description\":\"Whether you're looking for a seminar, an away meeting, or a teambuilding event - there is a hotel in the heart of the \u017d\u010f\u00e1rsk\u00e9 vrchy Mountains that will exceed your expectations. The hotel is located in the middle of nature with a view of the hotel pond\",\"breadcrumb\":{\"@id\":\"https:\/\/www.lisensky-dvur.cz\/en\/company-events\/#breadcrumb\"},\"inLanguage\":\"en-US\",\"potentialAction\":[{\"@type\":\"ReadAction\",\"target\":[\"https:\/\/www.lisensky-dvur.cz\/en\/company-events\/\"]}]},{\"@type\":\"ImageObject\",\"inLanguage\":\"en-US\",\"@id\":\"https:\/\/www.lisensky-dvur.cz\/en\/company-events\/#primaryimage\",\"url\":\"https:\/\/www.lisensky-dvur.cz\/wp-content\/uploads\/sites\/149\/2024\/06\/hotel_lisensky_dvur_fremni_akce_preview_01.jpg\",\"contentUrl\":\"https:\/\/www.lisensky-dvur.cz\/wp-content\/uploads\/sites\/149\/2024\/06\/hotel_lisensky_dvur_fremni_akce_preview_01.jpg\",\"width\":1200,\"height\":800},{\"@type\":\"BreadcrumbList\",\"@id\":\"https:\/\/www.lisensky-dvur.cz\/en\/company-events\/#breadcrumb\",\"itemListElement\":[{\"@type\":\"ListItem\",\"position\":1,\"name\":\"Home\",\"item\":\"https:\/\/www.lisensky-dvur.cz\/en\/\"},{\"@type\":\"ListItem\",\"position\":2,\"name\":\"Company events\"}]},{\"@type\":\"WebSite\",\"@id\":\"https:\/\/www.lisensky-dvur.cz\/en\/#website\",\"url\":\"https:\/\/www.lisensky-dvur.cz\/en\/\",\"name\":\"Hotel L\u00ed\u0161ensk\u00fd Dv\u016fr\",\"description\":\"\",\"potentialAction\":[{\"@type\":\"SearchAction\",\"target\":{\"@type\":\"EntryPoint\",\"urlTemplate\":\"https:\/\/www.lisensky-dvur.cz\/en\/?s={search_term_string}\"},\"query-input\":\"required name=search_term_string\"}],\"inLanguage\":\"en-US\"}]}<\/script>\n<!-- \/ Yoast SEO plugin. -->","yoast_head_json":{"title":"Company events &#183; Hotel L\u00ed\u0161ensk\u00fd Dv\u016fr &#183;","description":"Whether you're looking for a seminar, an away meeting, or a teambuilding event - there is a hotel in the heart of the \u017d\u010f\u00e1rsk\u00e9 vrchy Mountains that will exceed your expectations. The hotel is located in the middle of nature with a view of the hotel pond","robots":{"index":"index","follow":"follow","max-snippet":"max-snippet:-1","max-image-preview":"max-image-preview:large","max-video-preview":"max-video-preview:-1"},"canonical":"https:\/\/www.lisensky-dvur.cz\/en\/company-events\/","og_locale":"en_US","og_type":"article","og_title":"Company events &#183; Hotel L\u00ed\u0161ensk\u00fd Dv\u016fr &#183;","og_description":"Whether you're looking for a seminar, an away meeting, or a teambuilding event - there is a hotel in the heart of the \u017d\u010f\u00e1rsk\u00e9 vrchy Mountains that will exceed your expectations. The hotel is located in the middle of nature with a view of the hotel pond","og_url":"https:\/\/www.lisensky-dvur.cz\/en\/company-events\/","og_site_name":"Hotel L\u00ed\u0161ensk\u00fd Dv\u016fr","article_publisher":"https:\/\/www.facebook.com\/LisenskyDvur","article_modified_time":"2025-03-07T11:48:35+00:00","og_image":[{"width":1200,"height":800,"url":"https:\/\/www.lisensky-dvur.cz\/wp-content\/uploads\/sites\/149\/2024\/06\/hotel_lisensky_dvur_fremni_akce_preview_01.jpg","type":"image\/jpeg"}],"twitter_card":"summary_large_image","twitter_misc":{"Est. reading time":"1 minute"},"schema":{"@context":"https:\/\/schema.org","@graph":[{"@type":"WebPage","@id":"https:\/\/www.lisensky-dvur.cz\/en\/company-events\/","url":"https:\/\/www.lisensky-dvur.cz\/en\/company-events\/","name":"Company events &#183; Hotel L\u00ed\u0161ensk\u00fd Dv\u016fr &#183;","isPartOf":{"@id":"https:\/\/www.lisensky-dvur.cz\/en\/#website"},"primaryImageOfPage":{"@id":"https:\/\/www.lisensky-dvur.cz\/en\/company-events\/#primaryimage"},"image":{"@id":"https:\/\/www.lisensky-dvur.cz\/en\/company-events\/#primaryimage"},"thumbnailUrl":"https:\/\/www.lisensky-dvur.cz\/wp-content\/uploads\/sites\/149\/2024\/06\/hotel_lisensky_dvur_fremni_akce_preview_01.jpg","datePublished":"2024-06-05T09:05:59+00:00","dateModified":"2025-03-07T11:48:35+00:00","description":"Whether you're looking for a seminar, an away meeting, or a teambuilding event - there is a hotel in the heart of the \u017d\u010f\u00e1rsk\u00e9 vrchy Mountains that will exceed your expectations. The hotel is located in the middle of nature with a view of the hotel pond","breadcrumb":{"@id":"https:\/\/www.lisensky-dvur.cz\/en\/company-events\/#breadcrumb"},"inLanguage":"en-US","potentialAction":[{"@type":"ReadAction","target":["https:\/\/www.lisensky-dvur.cz\/en\/company-events\/"]}]},{"@type":"ImageObject","inLanguage":"en-US","@id":"https:\/\/www.lisensky-dvur.cz\/en\/company-events\/#primaryimage","url":"https:\/\/www.lisensky-dvur.cz\/wp-content\/uploads\/sites\/149\/2024\/06\/hotel_lisensky_dvur_fremni_akce_preview_01.jpg","contentUrl":"https:\/\/www.lisensky-dvur.cz\/wp-content\/uploads\/sites\/149\/2024\/06\/hotel_lisensky_dvur_fremni_akce_preview_01.jpg","width":1200,"height":800},{"@type":"BreadcrumbList","@id":"https:\/\/www.lisensky-dvur.cz\/en\/company-events\/#breadcrumb","itemListElement":[{"@type":"ListItem","position":1,"name":"Home","item":"https:\/\/www.lisensky-dvur.cz\/en\/"},{"@type":"ListItem","position":2,"name":"Company events"}]},{"@type":"WebSite","@id":"https:\/\/www.lisensky-dvur.cz\/en\/#website","url":"https:\/\/www.lisensky-dvur.cz\/en\/","name":"Hotel L\u00ed\u0161ensk\u00fd Dv\u016fr","description":"","potentialAction":[{"@type":"SearchAction","target":{"@type":"EntryPoint","urlTemplate":"https:\/\/www.lisensky-dvur.cz\/en\/?s={search_term_string}"},"query-input":"required name=search_term_string"}],"inLanguage":"en-US"}]}},"acf":[],"_links":{"self":[{"href":"https:\/\/www.lisensky-dvur.cz\/en\/wp-json\/wp\/v2\/pages\/532"}],"collection":[{"href":"https:\/\/www.lisensky-dvur.cz\/en\/wp-json\/wp\/v2\/pages"}],"about":[{"href":"https:\/\/www.lisensky-dvur.cz\/en\/wp-json\/wp\/v2\/types\/page"}],"author":[{"embeddable":true,"href":"https:\/\/www.lisensky-dvur.cz\/en\/wp-json\/wp\/v2\/users\/189"}],"replies":[{"embeddable":true,"href":"https:\/\/www.lisensky-dvur.cz\/en\/wp-json\/wp\/v2\/comments?post=532"}],"version-history":[{"count":0,"href":"https:\/\/www.lisensky-dvur.cz\/en\/wp-json\/wp\/v2\/pages\/532\/revisions"}],"wp:featuredmedia":[{"embeddable":true,"href":"https:\/\/www.lisensky-dvur.cz\/en\/wp-json\/wp\/v2\/media\/225"}],"wp:attachment":[{"href":"https:\/\/www.lisensky-dvur.cz\/en\/wp-json\/wp\/v2\/media?parent=532"}],"curies":[{"name":"wp","href":"https:\/\/api.w.org\/{rel}","templated":true}]}}