{"id":531,"date":"2024-06-05T11:05:22","date_gmt":"2024-06-05T09:05:22","guid":{"rendered":"https:\/\/www.lisensky-dvur.cz\/?page_id=531"},"modified":"2026-03-31T13:38:42","modified_gmt":"2026-03-31T11:38:42","slug":"restaurant","status":"publish","type":"page","link":"https:\/\/www.lisensky-dvur.cz\/en\/restaurant\/","title":{"rendered":"Restaurant"},"content":{"rendered":"<p>Come to our restaurant and delight your taste buds with a dish from our kitchen. Fresh ingredients carefully selected from local farmers and processed with modern technology according to the recipes of our grandmothers.<\/p>\n<p>We regularly prepare culinary events for you. Follow us on our networks so you don&#8217;t miss anything.<\/p>\n","protected":false},"excerpt":{"rendered":"<p>Come to our restaurant and delight your taste buds with a dish from our kitchen. Fresh ingredients carefully selected from local farmers and processed with modern technology according to the recipes of our grandmothers. We regularly prepare culinary events for you. Follow us on our networks so you don&#8217;t miss anything.<\/p>\n","protected":false},"author":189,"featured_media":221,"parent":0,"menu_order":60,"comment_status":"closed","ping_status":"closed","template":"template-single-restaurant.php","meta":{"footnotes":""},"yoast_head":"<!-- This site is optimized with the Yoast SEO plugin v22.3 - https:\/\/yoast.com\/wordpress\/plugins\/seo\/ -->\n<title>Restaurant &#183; Hotel L\u00ed\u0161ensk\u00fd Dv\u016fr &#183;<\/title>\n<meta name=\"description\" content=\"Come to our restaurant and delight your taste buds with a dish from our kitchen. Fresh ingredients carefully selected from local farmers and processed with modern technology according to the recipes of our grandmothers.  We regularly prepare culinary events for you\" \/>\n<meta name=\"robots\" content=\"index, follow, max-snippet:-1, max-image-preview:large, max-video-preview:-1\" \/>\n<link rel=\"canonical\" href=\"https:\/\/www.lisensky-dvur.cz\/en\/restaurant\/\" \/>\n<meta property=\"og:locale\" content=\"en_US\" \/>\n<meta property=\"og:type\" content=\"article\" \/>\n<meta property=\"og:title\" content=\"Restaurant &#183; Hotel L\u00ed\u0161ensk\u00fd Dv\u016fr &#183;\" \/>\n<meta property=\"og:description\" content=\"Come to our restaurant and delight your taste buds with a dish from our kitchen. Fresh ingredients carefully selected from local farmers and processed with modern technology according to the recipes of our grandmothers.  We regularly prepare culinary events for you\" \/>\n<meta property=\"og:url\" content=\"https:\/\/www.lisensky-dvur.cz\/en\/restaurant\/\" \/>\n<meta property=\"og:site_name\" content=\"Hotel L\u00ed\u0161ensk\u00fd Dv\u016fr\" \/>\n<meta property=\"article:publisher\" content=\"https:\/\/www.facebook.com\/LisenskyDvur\" \/>\n<meta property=\"article:modified_time\" content=\"2026-03-31T11:38:42+00:00\" \/>\n<meta property=\"og:image\" content=\"https:\/\/www.lisensky-dvur.cz\/wp-content\/uploads\/sites\/149\/2024\/06\/hotel_lisensky_dvur_restaurace_gallery_02.jpg\" \/>\n\t<meta property=\"og:image:width\" content=\"1200\" \/>\n\t<meta property=\"og:image:height\" content=\"800\" \/>\n\t<meta property=\"og:image:type\" content=\"image\/jpeg\" \/>\n<meta name=\"twitter:card\" content=\"summary_large_image\" \/>\n<meta name=\"twitter:label1\" content=\"Est. reading time\" \/>\n\t<meta name=\"twitter:data1\" content=\"1 minute\" \/>\n<script type=\"application\/ld+json\" class=\"yoast-schema-graph\">{\"@context\":\"https:\/\/schema.org\",\"@graph\":[{\"@type\":\"WebPage\",\"@id\":\"https:\/\/www.lisensky-dvur.cz\/en\/restaurant\/\",\"url\":\"https:\/\/www.lisensky-dvur.cz\/en\/restaurant\/\",\"name\":\"Restaurant &#183; Hotel L\u00ed\u0161ensk\u00fd Dv\u016fr &#183;\",\"isPartOf\":{\"@id\":\"https:\/\/www.lisensky-dvur.cz\/en\/#website\"},\"primaryImageOfPage\":{\"@id\":\"https:\/\/www.lisensky-dvur.cz\/en\/restaurant\/#primaryimage\"},\"image\":{\"@id\":\"https:\/\/www.lisensky-dvur.cz\/en\/restaurant\/#primaryimage\"},\"thumbnailUrl\":\"https:\/\/www.lisensky-dvur.cz\/wp-content\/uploads\/sites\/149\/2024\/06\/hotel_lisensky_dvur_restaurace_gallery_02.jpg\",\"datePublished\":\"2024-06-05T09:05:22+00:00\",\"dateModified\":\"2026-03-31T11:38:42+00:00\",\"description\":\"Come to our restaurant and delight your taste buds with a dish from our kitchen. Fresh ingredients carefully selected from local farmers and processed with modern technology according to the recipes of our grandmothers. We regularly prepare culinary events for you\",\"breadcrumb\":{\"@id\":\"https:\/\/www.lisensky-dvur.cz\/en\/restaurant\/#breadcrumb\"},\"inLanguage\":\"en-US\",\"potentialAction\":[{\"@type\":\"ReadAction\",\"target\":[\"https:\/\/www.lisensky-dvur.cz\/en\/restaurant\/\"]}]},{\"@type\":\"ImageObject\",\"inLanguage\":\"en-US\",\"@id\":\"https:\/\/www.lisensky-dvur.cz\/en\/restaurant\/#primaryimage\",\"url\":\"https:\/\/www.lisensky-dvur.cz\/wp-content\/uploads\/sites\/149\/2024\/06\/hotel_lisensky_dvur_restaurace_gallery_02.jpg\",\"contentUrl\":\"https:\/\/www.lisensky-dvur.cz\/wp-content\/uploads\/sites\/149\/2024\/06\/hotel_lisensky_dvur_restaurace_gallery_02.jpg\",\"width\":1200,\"height\":800},{\"@type\":\"BreadcrumbList\",\"@id\":\"https:\/\/www.lisensky-dvur.cz\/en\/restaurant\/#breadcrumb\",\"itemListElement\":[{\"@type\":\"ListItem\",\"position\":1,\"name\":\"Home\",\"item\":\"https:\/\/www.lisensky-dvur.cz\/en\/\"},{\"@type\":\"ListItem\",\"position\":2,\"name\":\"Restaurant\"}]},{\"@type\":\"WebSite\",\"@id\":\"https:\/\/www.lisensky-dvur.cz\/en\/#website\",\"url\":\"https:\/\/www.lisensky-dvur.cz\/en\/\",\"name\":\"Hotel L\u00ed\u0161ensk\u00fd Dv\u016fr\",\"description\":\"\",\"potentialAction\":[{\"@type\":\"SearchAction\",\"target\":{\"@type\":\"EntryPoint\",\"urlTemplate\":\"https:\/\/www.lisensky-dvur.cz\/en\/?s={search_term_string}\"},\"query-input\":\"required name=search_term_string\"}],\"inLanguage\":\"en-US\"}]}<\/script>\n<!-- \/ Yoast SEO plugin. -->","yoast_head_json":{"title":"Restaurant &#183; Hotel L\u00ed\u0161ensk\u00fd Dv\u016fr &#183;","description":"Come to our restaurant and delight your taste buds with a dish from our kitchen. Fresh ingredients carefully selected from local farmers and processed with modern technology according to the recipes of our grandmothers.  We regularly prepare culinary events for you","robots":{"index":"index","follow":"follow","max-snippet":"max-snippet:-1","max-image-preview":"max-image-preview:large","max-video-preview":"max-video-preview:-1"},"canonical":"https:\/\/www.lisensky-dvur.cz\/en\/restaurant\/","og_locale":"en_US","og_type":"article","og_title":"Restaurant &#183; Hotel L\u00ed\u0161ensk\u00fd Dv\u016fr &#183;","og_description":"Come to our restaurant and delight your taste buds with a dish from our kitchen. Fresh ingredients carefully selected from local farmers and processed with modern technology according to the recipes of our grandmothers.  We regularly prepare culinary events for you","og_url":"https:\/\/www.lisensky-dvur.cz\/en\/restaurant\/","og_site_name":"Hotel L\u00ed\u0161ensk\u00fd Dv\u016fr","article_publisher":"https:\/\/www.facebook.com\/LisenskyDvur","article_modified_time":"2026-03-31T11:38:42+00:00","og_image":[{"width":1200,"height":800,"url":"https:\/\/www.lisensky-dvur.cz\/wp-content\/uploads\/sites\/149\/2024\/06\/hotel_lisensky_dvur_restaurace_gallery_02.jpg","type":"image\/jpeg"}],"twitter_card":"summary_large_image","twitter_misc":{"Est. reading time":"1 minute"},"schema":{"@context":"https:\/\/schema.org","@graph":[{"@type":"WebPage","@id":"https:\/\/www.lisensky-dvur.cz\/en\/restaurant\/","url":"https:\/\/www.lisensky-dvur.cz\/en\/restaurant\/","name":"Restaurant &#183; Hotel L\u00ed\u0161ensk\u00fd Dv\u016fr &#183;","isPartOf":{"@id":"https:\/\/www.lisensky-dvur.cz\/en\/#website"},"primaryImageOfPage":{"@id":"https:\/\/www.lisensky-dvur.cz\/en\/restaurant\/#primaryimage"},"image":{"@id":"https:\/\/www.lisensky-dvur.cz\/en\/restaurant\/#primaryimage"},"thumbnailUrl":"https:\/\/www.lisensky-dvur.cz\/wp-content\/uploads\/sites\/149\/2024\/06\/hotel_lisensky_dvur_restaurace_gallery_02.jpg","datePublished":"2024-06-05T09:05:22+00:00","dateModified":"2026-03-31T11:38:42+00:00","description":"Come to our restaurant and delight your taste buds with a dish from our kitchen. Fresh ingredients carefully selected from local farmers and processed with modern technology according to the recipes of our grandmothers. We regularly prepare culinary events for you","breadcrumb":{"@id":"https:\/\/www.lisensky-dvur.cz\/en\/restaurant\/#breadcrumb"},"inLanguage":"en-US","potentialAction":[{"@type":"ReadAction","target":["https:\/\/www.lisensky-dvur.cz\/en\/restaurant\/"]}]},{"@type":"ImageObject","inLanguage":"en-US","@id":"https:\/\/www.lisensky-dvur.cz\/en\/restaurant\/#primaryimage","url":"https:\/\/www.lisensky-dvur.cz\/wp-content\/uploads\/sites\/149\/2024\/06\/hotel_lisensky_dvur_restaurace_gallery_02.jpg","contentUrl":"https:\/\/www.lisensky-dvur.cz\/wp-content\/uploads\/sites\/149\/2024\/06\/hotel_lisensky_dvur_restaurace_gallery_02.jpg","width":1200,"height":800},{"@type":"BreadcrumbList","@id":"https:\/\/www.lisensky-dvur.cz\/en\/restaurant\/#breadcrumb","itemListElement":[{"@type":"ListItem","position":1,"name":"Home","item":"https:\/\/www.lisensky-dvur.cz\/en\/"},{"@type":"ListItem","position":2,"name":"Restaurant"}]},{"@type":"WebSite","@id":"https:\/\/www.lisensky-dvur.cz\/en\/#website","url":"https:\/\/www.lisensky-dvur.cz\/en\/","name":"Hotel L\u00ed\u0161ensk\u00fd Dv\u016fr","description":"","potentialAction":[{"@type":"SearchAction","target":{"@type":"EntryPoint","urlTemplate":"https:\/\/www.lisensky-dvur.cz\/en\/?s={search_term_string}"},"query-input":"required name=search_term_string"}],"inLanguage":"en-US"}]}},"acf":[],"_links":{"self":[{"href":"https:\/\/www.lisensky-dvur.cz\/en\/wp-json\/wp\/v2\/pages\/531"}],"collection":[{"href":"https:\/\/www.lisensky-dvur.cz\/en\/wp-json\/wp\/v2\/pages"}],"about":[{"href":"https:\/\/www.lisensky-dvur.cz\/en\/wp-json\/wp\/v2\/types\/page"}],"author":[{"embeddable":true,"href":"https:\/\/www.lisensky-dvur.cz\/en\/wp-json\/wp\/v2\/users\/189"}],"replies":[{"embeddable":true,"href":"https:\/\/www.lisensky-dvur.cz\/en\/wp-json\/wp\/v2\/comments?post=531"}],"version-history":[{"count":0,"href":"https:\/\/www.lisensky-dvur.cz\/en\/wp-json\/wp\/v2\/pages\/531\/revisions"}],"wp:featuredmedia":[{"embeddable":true,"href":"https:\/\/www.lisensky-dvur.cz\/en\/wp-json\/wp\/v2\/media\/221"}],"wp:attachment":[{"href":"https:\/\/www.lisensky-dvur.cz\/en\/wp-json\/wp\/v2\/media?parent=531"}],"curies":[{"name":"wp","href":"https:\/\/api.w.org\/{rel}","templated":true}]}}