{"id":526,"date":"2024-06-05T11:54:41","date_gmt":"2024-06-05T09:54:41","guid":{"rendered":"https:\/\/www.lisensky-dvur.cz\/?page_id=526"},"modified":"2025-03-01T10:42:11","modified_gmt":"2025-03-01T09:42:11","slug":"barrier-free-superior","status":"publish","type":"page","link":"https:\/\/www.lisensky-dvur.cz\/en\/accommodation\/rooms\/barrier-free-superior\/","title":{"rendered":"Barrier-free Superior"},"content":{"rendered":"<ul>\n<li>Parking available directly at the entrance to the reception, terrace and room (within the courtyard)<\/li>\n<li>Spring to autumn seating on the terrace<\/li>\n<li>Wellness package for rent included in the price<\/li>\n<li>Possibility of one extra bed<\/li>\n<\/ul>\n","protected":false},"excerpt":{"rendered":"<p>Parking available directly at the entrance to the reception, terrace and room (within the courtyard) Spring to autumn seating on the terrace Wellness package for rent included in the price Possibility of one extra bed<\/p>\n","protected":false},"author":189,"featured_media":134,"parent":517,"menu_order":60,"comment_status":"closed","ping_status":"closed","template":"template-single-room.php","meta":{"footnotes":""},"yoast_head":"<!-- This site is optimized with the Yoast SEO plugin v22.3 - https:\/\/yoast.com\/wordpress\/plugins\/seo\/ -->\n<title>Barrier-free Superior &#183; Hotel L\u00ed\u0161ensk\u00fd Dv\u016fr &#183;<\/title>\n<meta name=\"description\" content=\"Parking available directly at the entrance to the reception, terrace and room (within the courtyard)  Spring to autumn seating on the terrace  Wellness package for rent included in the price  Possibility of one extra bed .\" \/>\n<meta name=\"robots\" content=\"index, follow, max-snippet:-1, max-image-preview:large, max-video-preview:-1\" \/>\n<link rel=\"canonical\" href=\"https:\/\/www.lisensky-dvur.cz\/en\/accommodation\/rooms\/barrier-free-superior\/\" \/>\n<meta property=\"og:locale\" content=\"en_US\" \/>\n<meta property=\"og:type\" content=\"article\" \/>\n<meta property=\"og:title\" content=\"Barrier-free Superior &#183; Hotel L\u00ed\u0161ensk\u00fd Dv\u016fr &#183;\" \/>\n<meta property=\"og:description\" content=\"Parking available directly at the entrance to the reception, terrace and room (within the courtyard)  Spring to autumn seating on the terrace  Wellness package for rent included in the price  Possibility of one extra bed .\" \/>\n<meta property=\"og:url\" content=\"https:\/\/www.lisensky-dvur.cz\/en\/accommodation\/rooms\/barrier-free-superior\/\" \/>\n<meta property=\"og:site_name\" content=\"Hotel L\u00ed\u0161ensk\u00fd Dv\u016fr\" \/>\n<meta property=\"article:publisher\" content=\"https:\/\/www.facebook.com\/LisenskyDvur\" \/>\n<meta property=\"article:modified_time\" content=\"2025-03-01T09:42:11+00:00\" \/>\n<meta property=\"og:image\" content=\"https:\/\/www.lisensky-dvur.cz\/wp-content\/uploads\/sites\/149\/2024\/06\/hotel_lisensky_dvur_ubytovani_pokoje_superior_gallery_02.jpg\" \/>\n\t<meta property=\"og:image:width\" content=\"1200\" \/>\n\t<meta property=\"og:image:height\" content=\"800\" \/>\n\t<meta property=\"og:image:type\" content=\"image\/jpeg\" \/>\n<meta name=\"twitter:card\" content=\"summary_large_image\" \/>\n<meta name=\"twitter:label1\" content=\"Est. reading time\" \/>\n\t<meta name=\"twitter:data1\" content=\"1 minute\" \/>\n<script type=\"application\/ld+json\" class=\"yoast-schema-graph\">{\"@context\":\"https:\/\/schema.org\",\"@graph\":[{\"@type\":\"WebPage\",\"@id\":\"https:\/\/www.lisensky-dvur.cz\/en\/accommodation\/rooms\/barrier-free-superior\/\",\"url\":\"https:\/\/www.lisensky-dvur.cz\/en\/accommodation\/rooms\/barrier-free-superior\/\",\"name\":\"Barrier-free Superior &#183; Hotel L\u00ed\u0161ensk\u00fd Dv\u016fr &#183;\",\"isPartOf\":{\"@id\":\"https:\/\/www.lisensky-dvur.cz\/en\/#website\"},\"primaryImageOfPage\":{\"@id\":\"https:\/\/www.lisensky-dvur.cz\/en\/accommodation\/rooms\/barrier-free-superior\/#primaryimage\"},\"image\":{\"@id\":\"https:\/\/www.lisensky-dvur.cz\/en\/accommodation\/rooms\/barrier-free-superior\/#primaryimage\"},\"thumbnailUrl\":\"https:\/\/www.lisensky-dvur.cz\/wp-content\/uploads\/sites\/149\/2024\/06\/hotel_lisensky_dvur_ubytovani_pokoje_superior_gallery_02.jpg\",\"datePublished\":\"2024-06-05T09:54:41+00:00\",\"dateModified\":\"2025-03-01T09:42:11+00:00\",\"description\":\"\u2022 Parking available directly at the entrance to the reception, terrace and room (within the courtyard) \u2022 Spring to autumn seating on the terrace \u2022 Wellness package for rent included in the price \u2022 Possibility of one extra bed .\",\"breadcrumb\":{\"@id\":\"https:\/\/www.lisensky-dvur.cz\/en\/accommodation\/rooms\/barrier-free-superior\/#breadcrumb\"},\"inLanguage\":\"en-US\",\"potentialAction\":[{\"@type\":\"ReadAction\",\"target\":[\"https:\/\/www.lisensky-dvur.cz\/en\/accommodation\/rooms\/barrier-free-superior\/\"]}]},{\"@type\":\"ImageObject\",\"inLanguage\":\"en-US\",\"@id\":\"https:\/\/www.lisensky-dvur.cz\/en\/accommodation\/rooms\/barrier-free-superior\/#primaryimage\",\"url\":\"https:\/\/www.lisensky-dvur.cz\/wp-content\/uploads\/sites\/149\/2024\/06\/hotel_lisensky_dvur_ubytovani_pokoje_superior_gallery_02.jpg\",\"contentUrl\":\"https:\/\/www.lisensky-dvur.cz\/wp-content\/uploads\/sites\/149\/2024\/06\/hotel_lisensky_dvur_ubytovani_pokoje_superior_gallery_02.jpg\",\"width\":1200,\"height\":800},{\"@type\":\"BreadcrumbList\",\"@id\":\"https:\/\/www.lisensky-dvur.cz\/en\/accommodation\/rooms\/barrier-free-superior\/#breadcrumb\",\"itemListElement\":[{\"@type\":\"ListItem\",\"position\":1,\"name\":\"Home\",\"item\":\"https:\/\/www.lisensky-dvur.cz\/en\/\"},{\"@type\":\"ListItem\",\"position\":2,\"name\":\"Accommodation\",\"item\":\"https:\/\/www.lisensky-dvur.cz\/en\/accommodation\/\"},{\"@type\":\"ListItem\",\"position\":3,\"name\":\"Rooms\",\"item\":\"https:\/\/www.lisensky-dvur.cz\/en\/accommodation\/rooms\/\"},{\"@type\":\"ListItem\",\"position\":4,\"name\":\"Barrier-free Superior\"}]},{\"@type\":\"WebSite\",\"@id\":\"https:\/\/www.lisensky-dvur.cz\/en\/#website\",\"url\":\"https:\/\/www.lisensky-dvur.cz\/en\/\",\"name\":\"Hotel L\u00ed\u0161ensk\u00fd Dv\u016fr\",\"description\":\"\",\"potentialAction\":[{\"@type\":\"SearchAction\",\"target\":{\"@type\":\"EntryPoint\",\"urlTemplate\":\"https:\/\/www.lisensky-dvur.cz\/en\/?s={search_term_string}\"},\"query-input\":\"required name=search_term_string\"}],\"inLanguage\":\"en-US\"}]}<\/script>\n<!-- \/ Yoast SEO plugin. -->","yoast_head_json":{"title":"Barrier-free Superior &#183; Hotel L\u00ed\u0161ensk\u00fd Dv\u016fr &#183;","description":"Parking available directly at the entrance to the reception, terrace and room (within the courtyard)  Spring to autumn seating on the terrace  Wellness package for rent included in the price  Possibility of one extra bed .","robots":{"index":"index","follow":"follow","max-snippet":"max-snippet:-1","max-image-preview":"max-image-preview:large","max-video-preview":"max-video-preview:-1"},"canonical":"https:\/\/www.lisensky-dvur.cz\/en\/accommodation\/rooms\/barrier-free-superior\/","og_locale":"en_US","og_type":"article","og_title":"Barrier-free Superior &#183; Hotel L\u00ed\u0161ensk\u00fd Dv\u016fr &#183;","og_description":"Parking available directly at the entrance to the reception, terrace and room (within the courtyard)  Spring to autumn seating on the terrace  Wellness package for rent included in the price  Possibility of one extra bed .","og_url":"https:\/\/www.lisensky-dvur.cz\/en\/accommodation\/rooms\/barrier-free-superior\/","og_site_name":"Hotel L\u00ed\u0161ensk\u00fd Dv\u016fr","article_publisher":"https:\/\/www.facebook.com\/LisenskyDvur","article_modified_time":"2025-03-01T09:42:11+00:00","og_image":[{"width":1200,"height":800,"url":"https:\/\/www.lisensky-dvur.cz\/wp-content\/uploads\/sites\/149\/2024\/06\/hotel_lisensky_dvur_ubytovani_pokoje_superior_gallery_02.jpg","type":"image\/jpeg"}],"twitter_card":"summary_large_image","twitter_misc":{"Est. reading time":"1 minute"},"schema":{"@context":"https:\/\/schema.org","@graph":[{"@type":"WebPage","@id":"https:\/\/www.lisensky-dvur.cz\/en\/accommodation\/rooms\/barrier-free-superior\/","url":"https:\/\/www.lisensky-dvur.cz\/en\/accommodation\/rooms\/barrier-free-superior\/","name":"Barrier-free Superior &#183; Hotel L\u00ed\u0161ensk\u00fd Dv\u016fr &#183;","isPartOf":{"@id":"https:\/\/www.lisensky-dvur.cz\/en\/#website"},"primaryImageOfPage":{"@id":"https:\/\/www.lisensky-dvur.cz\/en\/accommodation\/rooms\/barrier-free-superior\/#primaryimage"},"image":{"@id":"https:\/\/www.lisensky-dvur.cz\/en\/accommodation\/rooms\/barrier-free-superior\/#primaryimage"},"thumbnailUrl":"https:\/\/www.lisensky-dvur.cz\/wp-content\/uploads\/sites\/149\/2024\/06\/hotel_lisensky_dvur_ubytovani_pokoje_superior_gallery_02.jpg","datePublished":"2024-06-05T09:54:41+00:00","dateModified":"2025-03-01T09:42:11+00:00","description":"\u2022 Parking available directly at the entrance to the reception, terrace and room (within the courtyard) \u2022 Spring to autumn seating on the terrace \u2022 Wellness package for rent included in the price \u2022 Possibility of one extra bed .","breadcrumb":{"@id":"https:\/\/www.lisensky-dvur.cz\/en\/accommodation\/rooms\/barrier-free-superior\/#breadcrumb"},"inLanguage":"en-US","potentialAction":[{"@type":"ReadAction","target":["https:\/\/www.lisensky-dvur.cz\/en\/accommodation\/rooms\/barrier-free-superior\/"]}]},{"@type":"ImageObject","inLanguage":"en-US","@id":"https:\/\/www.lisensky-dvur.cz\/en\/accommodation\/rooms\/barrier-free-superior\/#primaryimage","url":"https:\/\/www.lisensky-dvur.cz\/wp-content\/uploads\/sites\/149\/2024\/06\/hotel_lisensky_dvur_ubytovani_pokoje_superior_gallery_02.jpg","contentUrl":"https:\/\/www.lisensky-dvur.cz\/wp-content\/uploads\/sites\/149\/2024\/06\/hotel_lisensky_dvur_ubytovani_pokoje_superior_gallery_02.jpg","width":1200,"height":800},{"@type":"BreadcrumbList","@id":"https:\/\/www.lisensky-dvur.cz\/en\/accommodation\/rooms\/barrier-free-superior\/#breadcrumb","itemListElement":[{"@type":"ListItem","position":1,"name":"Home","item":"https:\/\/www.lisensky-dvur.cz\/en\/"},{"@type":"ListItem","position":2,"name":"Accommodation","item":"https:\/\/www.lisensky-dvur.cz\/en\/accommodation\/"},{"@type":"ListItem","position":3,"name":"Rooms","item":"https:\/\/www.lisensky-dvur.cz\/en\/accommodation\/rooms\/"},{"@type":"ListItem","position":4,"name":"Barrier-free Superior"}]},{"@type":"WebSite","@id":"https:\/\/www.lisensky-dvur.cz\/en\/#website","url":"https:\/\/www.lisensky-dvur.cz\/en\/","name":"Hotel L\u00ed\u0161ensk\u00fd Dv\u016fr","description":"","potentialAction":[{"@type":"SearchAction","target":{"@type":"EntryPoint","urlTemplate":"https:\/\/www.lisensky-dvur.cz\/en\/?s={search_term_string}"},"query-input":"required name=search_term_string"}],"inLanguage":"en-US"}]}},"acf":[],"_links":{"self":[{"href":"https:\/\/www.lisensky-dvur.cz\/en\/wp-json\/wp\/v2\/pages\/526"}],"collection":[{"href":"https:\/\/www.lisensky-dvur.cz\/en\/wp-json\/wp\/v2\/pages"}],"about":[{"href":"https:\/\/www.lisensky-dvur.cz\/en\/wp-json\/wp\/v2\/types\/page"}],"author":[{"embeddable":true,"href":"https:\/\/www.lisensky-dvur.cz\/en\/wp-json\/wp\/v2\/users\/189"}],"replies":[{"embeddable":true,"href":"https:\/\/www.lisensky-dvur.cz\/en\/wp-json\/wp\/v2\/comments?post=526"}],"version-history":[{"count":0,"href":"https:\/\/www.lisensky-dvur.cz\/en\/wp-json\/wp\/v2\/pages\/526\/revisions"}],"up":[{"embeddable":true,"href":"https:\/\/www.lisensky-dvur.cz\/en\/wp-json\/wp\/v2\/pages\/517"}],"wp:featuredmedia":[{"embeddable":true,"href":"https:\/\/www.lisensky-dvur.cz\/en\/wp-json\/wp\/v2\/media\/134"}],"wp:attachment":[{"href":"https:\/\/www.lisensky-dvur.cz\/en\/wp-json\/wp\/v2\/media?parent=526"}],"curies":[{"name":"wp","href":"https:\/\/api.w.org\/{rel}","templated":true}]}}