{"id":523,"date":"2024-06-05T11:51:17","date_gmt":"2024-06-05T09:51:17","guid":{"rendered":"https:\/\/www.lisensky-dvur.cz\/?page_id=523"},"modified":"2025-03-01T08:58:13","modified_gmt":"2025-03-01T07:58:13","slug":"family-apartment","status":"publish","type":"page","link":"https:\/\/www.lisensky-dvur.cz\/en\/accommodation\/rooms\/family-apartment\/","title":{"rendered":"Family apartment"},"content":{"rendered":"<p>Apartment for 4 persons located in the newly built part of the resort. The apartment is especially suitable for families with older children or a group of friends. Both rooms can be connected or closed with sliding doors. The apartment is equipped with two bathrooms with shower.<\/p>\n","protected":false},"excerpt":{"rendered":"<p>Apartment for 4 persons located in the newly built part of the resort. The apartment is especially suitable for families with older children or a group of friends. Both rooms can be connected or closed with sliding doors. The apartment is equipped with two bathrooms with shower.<\/p>\n","protected":false},"author":189,"featured_media":161,"parent":517,"menu_order":40,"comment_status":"closed","ping_status":"closed","template":"template-single-room.php","meta":{"footnotes":""},"yoast_head":"<!-- This site is optimized with the Yoast SEO plugin v22.3 - https:\/\/yoast.com\/wordpress\/plugins\/seo\/ -->\n<title>Family apartment &#183; Hotel L\u00ed\u0161ensk\u00fd Dv\u016fr &#183;<\/title>\n<meta name=\"description\" content=\"Apartment for 4 persons located in the newly built part of the resort. The apartment is especially suitable for families with older children or a group of friends\" \/>\n<meta name=\"robots\" content=\"index, follow, max-snippet:-1, max-image-preview:large, max-video-preview:-1\" \/>\n<link rel=\"canonical\" href=\"https:\/\/www.lisensky-dvur.cz\/en\/accommodation\/rooms\/family-apartment\/\" \/>\n<meta property=\"og:locale\" content=\"en_US\" \/>\n<meta property=\"og:type\" content=\"article\" \/>\n<meta property=\"og:title\" content=\"Family apartment &#183; Hotel L\u00ed\u0161ensk\u00fd Dv\u016fr &#183;\" \/>\n<meta property=\"og:description\" content=\"Apartment for 4 persons located in the newly built part of the resort. The apartment is especially suitable for families with older children or a group of friends\" \/>\n<meta property=\"og:url\" content=\"https:\/\/www.lisensky-dvur.cz\/en\/accommodation\/rooms\/family-apartment\/\" \/>\n<meta property=\"og:site_name\" content=\"Hotel L\u00ed\u0161ensk\u00fd Dv\u016fr\" \/>\n<meta property=\"article:publisher\" content=\"https:\/\/www.facebook.com\/LisenskyDvur\" \/>\n<meta property=\"article:modified_time\" content=\"2025-03-01T07:58:13+00:00\" \/>\n<meta property=\"og:image\" content=\"https:\/\/www.lisensky-dvur.cz\/wp-content\/uploads\/sites\/149\/2024\/06\/hotel_lisensky_dvur_ubytovani_pokoje_rodinny_gallery_03.jpg\" \/>\n\t<meta property=\"og:image:width\" content=\"1200\" \/>\n\t<meta property=\"og:image:height\" content=\"800\" \/>\n\t<meta property=\"og:image:type\" content=\"image\/jpeg\" \/>\n<meta name=\"twitter:card\" content=\"summary_large_image\" \/>\n<meta name=\"twitter:label1\" content=\"Est. reading time\" \/>\n\t<meta name=\"twitter:data1\" content=\"1 minute\" \/>\n<script type=\"application\/ld+json\" class=\"yoast-schema-graph\">{\"@context\":\"https:\/\/schema.org\",\"@graph\":[{\"@type\":\"WebPage\",\"@id\":\"https:\/\/www.lisensky-dvur.cz\/en\/accommodation\/rooms\/family-apartment\/\",\"url\":\"https:\/\/www.lisensky-dvur.cz\/en\/accommodation\/rooms\/family-apartment\/\",\"name\":\"Family apartment &#183; Hotel L\u00ed\u0161ensk\u00fd Dv\u016fr &#183;\",\"isPartOf\":{\"@id\":\"https:\/\/www.lisensky-dvur.cz\/en\/#website\"},\"primaryImageOfPage\":{\"@id\":\"https:\/\/www.lisensky-dvur.cz\/en\/accommodation\/rooms\/family-apartment\/#primaryimage\"},\"image\":{\"@id\":\"https:\/\/www.lisensky-dvur.cz\/en\/accommodation\/rooms\/family-apartment\/#primaryimage\"},\"thumbnailUrl\":\"https:\/\/www.lisensky-dvur.cz\/wp-content\/uploads\/sites\/149\/2024\/06\/hotel_lisensky_dvur_ubytovani_pokoje_rodinny_gallery_03.jpg\",\"datePublished\":\"2024-06-05T09:51:17+00:00\",\"dateModified\":\"2025-03-01T07:58:13+00:00\",\"description\":\"Apartment for 4 persons located in the newly built part of the resort. The apartment is especially suitable for families with older children or a group of friends\",\"breadcrumb\":{\"@id\":\"https:\/\/www.lisensky-dvur.cz\/en\/accommodation\/rooms\/family-apartment\/#breadcrumb\"},\"inLanguage\":\"en-US\",\"potentialAction\":[{\"@type\":\"ReadAction\",\"target\":[\"https:\/\/www.lisensky-dvur.cz\/en\/accommodation\/rooms\/family-apartment\/\"]}]},{\"@type\":\"ImageObject\",\"inLanguage\":\"en-US\",\"@id\":\"https:\/\/www.lisensky-dvur.cz\/en\/accommodation\/rooms\/family-apartment\/#primaryimage\",\"url\":\"https:\/\/www.lisensky-dvur.cz\/wp-content\/uploads\/sites\/149\/2024\/06\/hotel_lisensky_dvur_ubytovani_pokoje_rodinny_gallery_03.jpg\",\"contentUrl\":\"https:\/\/www.lisensky-dvur.cz\/wp-content\/uploads\/sites\/149\/2024\/06\/hotel_lisensky_dvur_ubytovani_pokoje_rodinny_gallery_03.jpg\",\"width\":1200,\"height\":800},{\"@type\":\"BreadcrumbList\",\"@id\":\"https:\/\/www.lisensky-dvur.cz\/en\/accommodation\/rooms\/family-apartment\/#breadcrumb\",\"itemListElement\":[{\"@type\":\"ListItem\",\"position\":1,\"name\":\"Home\",\"item\":\"https:\/\/www.lisensky-dvur.cz\/en\/\"},{\"@type\":\"ListItem\",\"position\":2,\"name\":\"Accommodation\",\"item\":\"https:\/\/www.lisensky-dvur.cz\/en\/accommodation\/\"},{\"@type\":\"ListItem\",\"position\":3,\"name\":\"Rooms\",\"item\":\"https:\/\/www.lisensky-dvur.cz\/en\/accommodation\/rooms\/\"},{\"@type\":\"ListItem\",\"position\":4,\"name\":\"Family apartment\"}]},{\"@type\":\"WebSite\",\"@id\":\"https:\/\/www.lisensky-dvur.cz\/en\/#website\",\"url\":\"https:\/\/www.lisensky-dvur.cz\/en\/\",\"name\":\"Hotel L\u00ed\u0161ensk\u00fd Dv\u016fr\",\"description\":\"\",\"potentialAction\":[{\"@type\":\"SearchAction\",\"target\":{\"@type\":\"EntryPoint\",\"urlTemplate\":\"https:\/\/www.lisensky-dvur.cz\/en\/?s={search_term_string}\"},\"query-input\":\"required name=search_term_string\"}],\"inLanguage\":\"en-US\"}]}<\/script>\n<!-- \/ Yoast SEO plugin. -->","yoast_head_json":{"title":"Family apartment &#183; Hotel L\u00ed\u0161ensk\u00fd Dv\u016fr &#183;","description":"Apartment for 4 persons located in the newly built part of the resort. The apartment is especially suitable for families with older children or a group of friends","robots":{"index":"index","follow":"follow","max-snippet":"max-snippet:-1","max-image-preview":"max-image-preview:large","max-video-preview":"max-video-preview:-1"},"canonical":"https:\/\/www.lisensky-dvur.cz\/en\/accommodation\/rooms\/family-apartment\/","og_locale":"en_US","og_type":"article","og_title":"Family apartment &#183; Hotel L\u00ed\u0161ensk\u00fd Dv\u016fr &#183;","og_description":"Apartment for 4 persons located in the newly built part of the resort. The apartment is especially suitable for families with older children or a group of friends","og_url":"https:\/\/www.lisensky-dvur.cz\/en\/accommodation\/rooms\/family-apartment\/","og_site_name":"Hotel L\u00ed\u0161ensk\u00fd Dv\u016fr","article_publisher":"https:\/\/www.facebook.com\/LisenskyDvur","article_modified_time":"2025-03-01T07:58:13+00:00","og_image":[{"width":1200,"height":800,"url":"https:\/\/www.lisensky-dvur.cz\/wp-content\/uploads\/sites\/149\/2024\/06\/hotel_lisensky_dvur_ubytovani_pokoje_rodinny_gallery_03.jpg","type":"image\/jpeg"}],"twitter_card":"summary_large_image","twitter_misc":{"Est. reading time":"1 minute"},"schema":{"@context":"https:\/\/schema.org","@graph":[{"@type":"WebPage","@id":"https:\/\/www.lisensky-dvur.cz\/en\/accommodation\/rooms\/family-apartment\/","url":"https:\/\/www.lisensky-dvur.cz\/en\/accommodation\/rooms\/family-apartment\/","name":"Family apartment &#183; Hotel L\u00ed\u0161ensk\u00fd Dv\u016fr &#183;","isPartOf":{"@id":"https:\/\/www.lisensky-dvur.cz\/en\/#website"},"primaryImageOfPage":{"@id":"https:\/\/www.lisensky-dvur.cz\/en\/accommodation\/rooms\/family-apartment\/#primaryimage"},"image":{"@id":"https:\/\/www.lisensky-dvur.cz\/en\/accommodation\/rooms\/family-apartment\/#primaryimage"},"thumbnailUrl":"https:\/\/www.lisensky-dvur.cz\/wp-content\/uploads\/sites\/149\/2024\/06\/hotel_lisensky_dvur_ubytovani_pokoje_rodinny_gallery_03.jpg","datePublished":"2024-06-05T09:51:17+00:00","dateModified":"2025-03-01T07:58:13+00:00","description":"Apartment for 4 persons located in the newly built part of the resort. The apartment is especially suitable for families with older children or a group of friends","breadcrumb":{"@id":"https:\/\/www.lisensky-dvur.cz\/en\/accommodation\/rooms\/family-apartment\/#breadcrumb"},"inLanguage":"en-US","potentialAction":[{"@type":"ReadAction","target":["https:\/\/www.lisensky-dvur.cz\/en\/accommodation\/rooms\/family-apartment\/"]}]},{"@type":"ImageObject","inLanguage":"en-US","@id":"https:\/\/www.lisensky-dvur.cz\/en\/accommodation\/rooms\/family-apartment\/#primaryimage","url":"https:\/\/www.lisensky-dvur.cz\/wp-content\/uploads\/sites\/149\/2024\/06\/hotel_lisensky_dvur_ubytovani_pokoje_rodinny_gallery_03.jpg","contentUrl":"https:\/\/www.lisensky-dvur.cz\/wp-content\/uploads\/sites\/149\/2024\/06\/hotel_lisensky_dvur_ubytovani_pokoje_rodinny_gallery_03.jpg","width":1200,"height":800},{"@type":"BreadcrumbList","@id":"https:\/\/www.lisensky-dvur.cz\/en\/accommodation\/rooms\/family-apartment\/#breadcrumb","itemListElement":[{"@type":"ListItem","position":1,"name":"Home","item":"https:\/\/www.lisensky-dvur.cz\/en\/"},{"@type":"ListItem","position":2,"name":"Accommodation","item":"https:\/\/www.lisensky-dvur.cz\/en\/accommodation\/"},{"@type":"ListItem","position":3,"name":"Rooms","item":"https:\/\/www.lisensky-dvur.cz\/en\/accommodation\/rooms\/"},{"@type":"ListItem","position":4,"name":"Family apartment"}]},{"@type":"WebSite","@id":"https:\/\/www.lisensky-dvur.cz\/en\/#website","url":"https:\/\/www.lisensky-dvur.cz\/en\/","name":"Hotel L\u00ed\u0161ensk\u00fd Dv\u016fr","description":"","potentialAction":[{"@type":"SearchAction","target":{"@type":"EntryPoint","urlTemplate":"https:\/\/www.lisensky-dvur.cz\/en\/?s={search_term_string}"},"query-input":"required name=search_term_string"}],"inLanguage":"en-US"}]}},"acf":[],"_links":{"self":[{"href":"https:\/\/www.lisensky-dvur.cz\/en\/wp-json\/wp\/v2\/pages\/523"}],"collection":[{"href":"https:\/\/www.lisensky-dvur.cz\/en\/wp-json\/wp\/v2\/pages"}],"about":[{"href":"https:\/\/www.lisensky-dvur.cz\/en\/wp-json\/wp\/v2\/types\/page"}],"author":[{"embeddable":true,"href":"https:\/\/www.lisensky-dvur.cz\/en\/wp-json\/wp\/v2\/users\/189"}],"replies":[{"embeddable":true,"href":"https:\/\/www.lisensky-dvur.cz\/en\/wp-json\/wp\/v2\/comments?post=523"}],"version-history":[{"count":0,"href":"https:\/\/www.lisensky-dvur.cz\/en\/wp-json\/wp\/v2\/pages\/523\/revisions"}],"up":[{"embeddable":true,"href":"https:\/\/www.lisensky-dvur.cz\/en\/wp-json\/wp\/v2\/pages\/517"}],"wp:featuredmedia":[{"embeddable":true,"href":"https:\/\/www.lisensky-dvur.cz\/en\/wp-json\/wp\/v2\/media\/161"}],"wp:attachment":[{"href":"https:\/\/www.lisensky-dvur.cz\/en\/wp-json\/wp\/v2\/media?parent=523"}],"curies":[{"name":"wp","href":"https:\/\/api.w.org\/{rel}","templated":true}]}}