{"id":518,"date":"2024-06-05T11:42:42","date_gmt":"2024-06-05T09:42:42","guid":{"rendered":"https:\/\/www.lisensky-dvur.cz\/?page_id=518"},"modified":"2025-02-26T21:00:46","modified_gmt":"2025-02-26T20:00:46","slug":"double-superior","status":"publish","type":"page","link":"https:\/\/www.lisensky-dvur.cz\/en\/accommodation\/rooms\/double-superior\/","title":{"rendered":"Double Superior"},"content":{"rendered":"<p>This double or twin room features a double or twin bed. A cot (extra bed) can be used in the room, so it is perfect for young families with one child. Modern double rooms can be found in the newly built part of L\u00ed\u0161ensk\u00fd Dv\u016fr.<\/p>\n<p>Room facilities include a desk, television, table lamps and a wardrobe and free Wi-Fi internet access. Our rooms are non-smoking and are equipped with smoke detectors. Solid wood flooring. Clients can also use the safe at the reception.<\/p>\n<p>A terrace with garden furniture is available in selected rooms during the months of May-September.<\/p>\n","protected":false},"excerpt":{"rendered":"<p>This double or twin room features a double or twin bed. A cot (extra bed) can be used in the room, so it is perfect for young families with one child. Modern double rooms can be found in the newly built part of L\u00ed\u0161ensk\u00fd Dv\u016fr. Room facilities include a desk, television, table lamps and a [&hellip;]<\/p>\n","protected":false},"author":189,"featured_media":339,"parent":517,"menu_order":10,"comment_status":"closed","ping_status":"closed","template":"template-single-room.php","meta":{"footnotes":""},"yoast_head":"<!-- This site is optimized with the Yoast SEO plugin v22.3 - https:\/\/yoast.com\/wordpress\/plugins\/seo\/ -->\n<title>Double Superior &#183; Hotel L\u00ed\u0161ensk\u00fd Dv\u016fr &#183;<\/title>\n<meta name=\"description\" content=\"This double or twin room features a double or twin bed. A cot (extra bed) can be used in the room, so it is perfect for young families with one child\" \/>\n<meta name=\"robots\" content=\"index, follow, max-snippet:-1, max-image-preview:large, max-video-preview:-1\" \/>\n<link rel=\"canonical\" href=\"https:\/\/www.lisensky-dvur.cz\/en\/accommodation\/rooms\/double-superior\/\" \/>\n<meta property=\"og:locale\" content=\"en_US\" \/>\n<meta property=\"og:type\" content=\"article\" \/>\n<meta property=\"og:title\" content=\"Double Superior &#183; Hotel L\u00ed\u0161ensk\u00fd Dv\u016fr &#183;\" \/>\n<meta property=\"og:description\" content=\"This double or twin room features a double or twin bed. A cot (extra bed) can be used in the room, so it is perfect for young families with one child\" \/>\n<meta property=\"og:url\" content=\"https:\/\/www.lisensky-dvur.cz\/en\/accommodation\/rooms\/double-superior\/\" \/>\n<meta property=\"og:site_name\" content=\"Hotel L\u00ed\u0161ensk\u00fd Dv\u016fr\" \/>\n<meta property=\"article:publisher\" content=\"https:\/\/www.facebook.com\/LisenskyDvur\" \/>\n<meta property=\"article:modified_time\" content=\"2025-02-26T20:00:46+00:00\" \/>\n<meta property=\"og:image\" content=\"https:\/\/www.lisensky-dvur.cz\/wp-content\/uploads\/sites\/149\/2024\/06\/hotel_lisensky_dvur_pokoje_gallery_11.jpg\" \/>\n\t<meta property=\"og:image:width\" content=\"1200\" \/>\n\t<meta property=\"og:image:height\" content=\"800\" \/>\n\t<meta property=\"og:image:type\" content=\"image\/jpeg\" \/>\n<meta name=\"twitter:card\" content=\"summary_large_image\" \/>\n<meta name=\"twitter:label1\" content=\"Est. reading time\" \/>\n\t<meta name=\"twitter:data1\" content=\"1 minute\" \/>\n<script type=\"application\/ld+json\" class=\"yoast-schema-graph\">{\"@context\":\"https:\/\/schema.org\",\"@graph\":[{\"@type\":\"WebPage\",\"@id\":\"https:\/\/www.lisensky-dvur.cz\/en\/accommodation\/rooms\/double-superior\/\",\"url\":\"https:\/\/www.lisensky-dvur.cz\/en\/accommodation\/rooms\/double-superior\/\",\"name\":\"Double Superior &#183; Hotel L\u00ed\u0161ensk\u00fd Dv\u016fr &#183;\",\"isPartOf\":{\"@id\":\"https:\/\/www.lisensky-dvur.cz\/en\/#website\"},\"primaryImageOfPage\":{\"@id\":\"https:\/\/www.lisensky-dvur.cz\/en\/accommodation\/rooms\/double-superior\/#primaryimage\"},\"image\":{\"@id\":\"https:\/\/www.lisensky-dvur.cz\/en\/accommodation\/rooms\/double-superior\/#primaryimage\"},\"thumbnailUrl\":\"https:\/\/www.lisensky-dvur.cz\/wp-content\/uploads\/sites\/149\/2024\/06\/hotel_lisensky_dvur_pokoje_gallery_11.jpg\",\"datePublished\":\"2024-06-05T09:42:42+00:00\",\"dateModified\":\"2025-02-26T20:00:46+00:00\",\"description\":\"This double or twin room features a double or twin bed. A cot (extra bed) can be used in the room, so it is perfect for young families with one child\",\"breadcrumb\":{\"@id\":\"https:\/\/www.lisensky-dvur.cz\/en\/accommodation\/rooms\/double-superior\/#breadcrumb\"},\"inLanguage\":\"en-US\",\"potentialAction\":[{\"@type\":\"ReadAction\",\"target\":[\"https:\/\/www.lisensky-dvur.cz\/en\/accommodation\/rooms\/double-superior\/\"]}]},{\"@type\":\"ImageObject\",\"inLanguage\":\"en-US\",\"@id\":\"https:\/\/www.lisensky-dvur.cz\/en\/accommodation\/rooms\/double-superior\/#primaryimage\",\"url\":\"https:\/\/www.lisensky-dvur.cz\/wp-content\/uploads\/sites\/149\/2024\/06\/hotel_lisensky_dvur_pokoje_gallery_11.jpg\",\"contentUrl\":\"https:\/\/www.lisensky-dvur.cz\/wp-content\/uploads\/sites\/149\/2024\/06\/hotel_lisensky_dvur_pokoje_gallery_11.jpg\",\"width\":1200,\"height\":800},{\"@type\":\"BreadcrumbList\",\"@id\":\"https:\/\/www.lisensky-dvur.cz\/en\/accommodation\/rooms\/double-superior\/#breadcrumb\",\"itemListElement\":[{\"@type\":\"ListItem\",\"position\":1,\"name\":\"Home\",\"item\":\"https:\/\/www.lisensky-dvur.cz\/en\/\"},{\"@type\":\"ListItem\",\"position\":2,\"name\":\"Accommodation\",\"item\":\"https:\/\/www.lisensky-dvur.cz\/en\/accommodation\/\"},{\"@type\":\"ListItem\",\"position\":3,\"name\":\"Rooms\",\"item\":\"https:\/\/www.lisensky-dvur.cz\/en\/accommodation\/rooms\/\"},{\"@type\":\"ListItem\",\"position\":4,\"name\":\"Double Superior\"}]},{\"@type\":\"WebSite\",\"@id\":\"https:\/\/www.lisensky-dvur.cz\/en\/#website\",\"url\":\"https:\/\/www.lisensky-dvur.cz\/en\/\",\"name\":\"Hotel L\u00ed\u0161ensk\u00fd Dv\u016fr\",\"description\":\"\",\"potentialAction\":[{\"@type\":\"SearchAction\",\"target\":{\"@type\":\"EntryPoint\",\"urlTemplate\":\"https:\/\/www.lisensky-dvur.cz\/en\/?s={search_term_string}\"},\"query-input\":\"required name=search_term_string\"}],\"inLanguage\":\"en-US\"}]}<\/script>\n<!-- \/ Yoast SEO plugin. -->","yoast_head_json":{"title":"Double Superior &#183; Hotel L\u00ed\u0161ensk\u00fd Dv\u016fr &#183;","description":"This double or twin room features a double or twin bed. A cot (extra bed) can be used in the room, so it is perfect for young families with one child","robots":{"index":"index","follow":"follow","max-snippet":"max-snippet:-1","max-image-preview":"max-image-preview:large","max-video-preview":"max-video-preview:-1"},"canonical":"https:\/\/www.lisensky-dvur.cz\/en\/accommodation\/rooms\/double-superior\/","og_locale":"en_US","og_type":"article","og_title":"Double Superior &#183; Hotel L\u00ed\u0161ensk\u00fd Dv\u016fr &#183;","og_description":"This double or twin room features a double or twin bed. A cot (extra bed) can be used in the room, so it is perfect for young families with one child","og_url":"https:\/\/www.lisensky-dvur.cz\/en\/accommodation\/rooms\/double-superior\/","og_site_name":"Hotel L\u00ed\u0161ensk\u00fd Dv\u016fr","article_publisher":"https:\/\/www.facebook.com\/LisenskyDvur","article_modified_time":"2025-02-26T20:00:46+00:00","og_image":[{"width":1200,"height":800,"url":"https:\/\/www.lisensky-dvur.cz\/wp-content\/uploads\/sites\/149\/2024\/06\/hotel_lisensky_dvur_pokoje_gallery_11.jpg","type":"image\/jpeg"}],"twitter_card":"summary_large_image","twitter_misc":{"Est. reading time":"1 minute"},"schema":{"@context":"https:\/\/schema.org","@graph":[{"@type":"WebPage","@id":"https:\/\/www.lisensky-dvur.cz\/en\/accommodation\/rooms\/double-superior\/","url":"https:\/\/www.lisensky-dvur.cz\/en\/accommodation\/rooms\/double-superior\/","name":"Double Superior &#183; Hotel L\u00ed\u0161ensk\u00fd Dv\u016fr &#183;","isPartOf":{"@id":"https:\/\/www.lisensky-dvur.cz\/en\/#website"},"primaryImageOfPage":{"@id":"https:\/\/www.lisensky-dvur.cz\/en\/accommodation\/rooms\/double-superior\/#primaryimage"},"image":{"@id":"https:\/\/www.lisensky-dvur.cz\/en\/accommodation\/rooms\/double-superior\/#primaryimage"},"thumbnailUrl":"https:\/\/www.lisensky-dvur.cz\/wp-content\/uploads\/sites\/149\/2024\/06\/hotel_lisensky_dvur_pokoje_gallery_11.jpg","datePublished":"2024-06-05T09:42:42+00:00","dateModified":"2025-02-26T20:00:46+00:00","description":"This double or twin room features a double or twin bed. A cot (extra bed) can be used in the room, so it is perfect for young families with one child","breadcrumb":{"@id":"https:\/\/www.lisensky-dvur.cz\/en\/accommodation\/rooms\/double-superior\/#breadcrumb"},"inLanguage":"en-US","potentialAction":[{"@type":"ReadAction","target":["https:\/\/www.lisensky-dvur.cz\/en\/accommodation\/rooms\/double-superior\/"]}]},{"@type":"ImageObject","inLanguage":"en-US","@id":"https:\/\/www.lisensky-dvur.cz\/en\/accommodation\/rooms\/double-superior\/#primaryimage","url":"https:\/\/www.lisensky-dvur.cz\/wp-content\/uploads\/sites\/149\/2024\/06\/hotel_lisensky_dvur_pokoje_gallery_11.jpg","contentUrl":"https:\/\/www.lisensky-dvur.cz\/wp-content\/uploads\/sites\/149\/2024\/06\/hotel_lisensky_dvur_pokoje_gallery_11.jpg","width":1200,"height":800},{"@type":"BreadcrumbList","@id":"https:\/\/www.lisensky-dvur.cz\/en\/accommodation\/rooms\/double-superior\/#breadcrumb","itemListElement":[{"@type":"ListItem","position":1,"name":"Home","item":"https:\/\/www.lisensky-dvur.cz\/en\/"},{"@type":"ListItem","position":2,"name":"Accommodation","item":"https:\/\/www.lisensky-dvur.cz\/en\/accommodation\/"},{"@type":"ListItem","position":3,"name":"Rooms","item":"https:\/\/www.lisensky-dvur.cz\/en\/accommodation\/rooms\/"},{"@type":"ListItem","position":4,"name":"Double Superior"}]},{"@type":"WebSite","@id":"https:\/\/www.lisensky-dvur.cz\/en\/#website","url":"https:\/\/www.lisensky-dvur.cz\/en\/","name":"Hotel L\u00ed\u0161ensk\u00fd Dv\u016fr","description":"","potentialAction":[{"@type":"SearchAction","target":{"@type":"EntryPoint","urlTemplate":"https:\/\/www.lisensky-dvur.cz\/en\/?s={search_term_string}"},"query-input":"required name=search_term_string"}],"inLanguage":"en-US"}]}},"acf":[],"_links":{"self":[{"href":"https:\/\/www.lisensky-dvur.cz\/en\/wp-json\/wp\/v2\/pages\/518"}],"collection":[{"href":"https:\/\/www.lisensky-dvur.cz\/en\/wp-json\/wp\/v2\/pages"}],"about":[{"href":"https:\/\/www.lisensky-dvur.cz\/en\/wp-json\/wp\/v2\/types\/page"}],"author":[{"embeddable":true,"href":"https:\/\/www.lisensky-dvur.cz\/en\/wp-json\/wp\/v2\/users\/189"}],"replies":[{"embeddable":true,"href":"https:\/\/www.lisensky-dvur.cz\/en\/wp-json\/wp\/v2\/comments?post=518"}],"version-history":[{"count":0,"href":"https:\/\/www.lisensky-dvur.cz\/en\/wp-json\/wp\/v2\/pages\/518\/revisions"}],"up":[{"embeddable":true,"href":"https:\/\/www.lisensky-dvur.cz\/en\/wp-json\/wp\/v2\/pages\/517"}],"wp:featuredmedia":[{"embeddable":true,"href":"https:\/\/www.lisensky-dvur.cz\/en\/wp-json\/wp\/v2\/media\/339"}],"wp:attachment":[{"href":"https:\/\/www.lisensky-dvur.cz\/en\/wp-json\/wp\/v2\/media?parent=518"}],"curies":[{"name":"wp","href":"https:\/\/api.w.org\/{rel}","templated":true}]}}