{"id":514,"date":"2024-06-05T11:02:55","date_gmt":"2024-06-05T09:02:55","guid":{"rendered":"https:\/\/www.lisensky-dvur.cz\/?page_id=514"},"modified":"2025-02-26T20:20:29","modified_gmt":"2025-02-26T19:20:29","slug":"about-us","status":"publish","type":"page","link":"https:\/\/www.lisensky-dvur.cz\/en\/about-us\/","title":{"rendered":"About us"},"content":{"rendered":"<p>Dating back to at least the 16th century, this is the first written record of the property, specifically of its sale. The property was subsequently managed by the Institute of Noblemen in Brno, then the property was transferred to the state and became a recreational facility of the Veterinary and Pharmaceutical University in Brno. Since 2008, it has again had private owners who in the following two years have renovated it into a high standard hotel facility.<\/p>\n<p>From the recent history, it will be interesting to know that in the fifties, the actor Jan Werich and the artist and director Ji\u0159\u00ed Trnka were very fond of L\u00ed\u0161ensk\u00fd Dv\u016fr, and they often visited it and were so enchanted by the place that they wanted to set up a summer studio there. However, they were unable to buy the property from the state.<\/p>\n","protected":false},"excerpt":{"rendered":"<p>Dating back to at least the 16th century, this is the first written record of the property, specifically of its sale. The property was subsequently managed by the Institute of Noblemen in Brno, then the property was transferred to the state and became a recreational facility of the Veterinary and Pharmaceutical University in Brno. Since [&hellip;]<\/p>\n","protected":false},"author":189,"featured_media":0,"parent":0,"menu_order":20,"comment_status":"closed","ping_status":"closed","template":"template-about-us.php","meta":{"footnotes":""},"yoast_head":"<!-- This site is optimized with the Yoast SEO plugin v22.3 - https:\/\/yoast.com\/wordpress\/plugins\/seo\/ -->\n<title>About us &#183; Hotel L\u00ed\u0161ensk\u00fd Dv\u016fr &#183;<\/title>\n<meta name=\"description\" content=\"Dating back to at least the 16th century, this is the first written record of the property, specifically of its sale. The property was subsequently managed by the Institute of Noblemen in Brno, then the property was transferred to the state and became a recreational facility of the Veterinary and Pharmaceutical University in Brno\" \/>\n<meta name=\"robots\" content=\"index, follow, max-snippet:-1, max-image-preview:large, max-video-preview:-1\" \/>\n<link rel=\"canonical\" href=\"https:\/\/www.lisensky-dvur.cz\/en\/about-us\/\" \/>\n<meta property=\"og:locale\" content=\"en_US\" \/>\n<meta property=\"og:type\" content=\"article\" \/>\n<meta property=\"og:title\" content=\"About us &#183; Hotel L\u00ed\u0161ensk\u00fd Dv\u016fr &#183;\" \/>\n<meta property=\"og:description\" content=\"Dating back to at least the 16th century, this is the first written record of the property, specifically of its sale. The property was subsequently managed by the Institute of Noblemen in Brno, then the property was transferred to the state and became a recreational facility of the Veterinary and Pharmaceutical University in Brno\" \/>\n<meta property=\"og:url\" content=\"https:\/\/www.lisensky-dvur.cz\/en\/about-us\/\" \/>\n<meta property=\"og:site_name\" content=\"Hotel L\u00ed\u0161ensk\u00fd Dv\u016fr\" \/>\n<meta property=\"article:publisher\" content=\"https:\/\/www.facebook.com\/LisenskyDvur\" \/>\n<meta property=\"article:modified_time\" content=\"2025-02-26T19:20:29+00:00\" \/>\n<meta name=\"twitter:card\" content=\"summary_large_image\" \/>\n<meta name=\"twitter:label1\" content=\"Est. reading time\" \/>\n\t<meta name=\"twitter:data1\" content=\"1 minute\" \/>\n<script type=\"application\/ld+json\" class=\"yoast-schema-graph\">{\"@context\":\"https:\/\/schema.org\",\"@graph\":[{\"@type\":\"WebPage\",\"@id\":\"https:\/\/www.lisensky-dvur.cz\/en\/about-us\/\",\"url\":\"https:\/\/www.lisensky-dvur.cz\/en\/about-us\/\",\"name\":\"About us &#183; Hotel L\u00ed\u0161ensk\u00fd Dv\u016fr &#183;\",\"isPartOf\":{\"@id\":\"https:\/\/www.lisensky-dvur.cz\/en\/#website\"},\"datePublished\":\"2024-06-05T09:02:55+00:00\",\"dateModified\":\"2025-02-26T19:20:29+00:00\",\"description\":\"Dating back to at least the 16th century, this is the first written record of the property, specifically of its sale. The property was subsequently managed by the Institute of Noblemen in Brno, then the property was transferred to the state and became a recreational facility of the Veterinary and Pharmaceutical University in Brno\",\"breadcrumb\":{\"@id\":\"https:\/\/www.lisensky-dvur.cz\/en\/about-us\/#breadcrumb\"},\"inLanguage\":\"en-US\",\"potentialAction\":[{\"@type\":\"ReadAction\",\"target\":[\"https:\/\/www.lisensky-dvur.cz\/en\/about-us\/\"]}]},{\"@type\":\"BreadcrumbList\",\"@id\":\"https:\/\/www.lisensky-dvur.cz\/en\/about-us\/#breadcrumb\",\"itemListElement\":[{\"@type\":\"ListItem\",\"position\":1,\"name\":\"Home\",\"item\":\"https:\/\/www.lisensky-dvur.cz\/en\/\"},{\"@type\":\"ListItem\",\"position\":2,\"name\":\"About us\"}]},{\"@type\":\"WebSite\",\"@id\":\"https:\/\/www.lisensky-dvur.cz\/en\/#website\",\"url\":\"https:\/\/www.lisensky-dvur.cz\/en\/\",\"name\":\"Hotel L\u00ed\u0161ensk\u00fd Dv\u016fr\",\"description\":\"\",\"potentialAction\":[{\"@type\":\"SearchAction\",\"target\":{\"@type\":\"EntryPoint\",\"urlTemplate\":\"https:\/\/www.lisensky-dvur.cz\/en\/?s={search_term_string}\"},\"query-input\":\"required name=search_term_string\"}],\"inLanguage\":\"en-US\"}]}<\/script>\n<!-- \/ Yoast SEO plugin. -->","yoast_head_json":{"title":"About us &#183; Hotel L\u00ed\u0161ensk\u00fd Dv\u016fr &#183;","description":"Dating back to at least the 16th century, this is the first written record of the property, specifically of its sale. The property was subsequently managed by the Institute of Noblemen in Brno, then the property was transferred to the state and became a recreational facility of the Veterinary and Pharmaceutical University in Brno","robots":{"index":"index","follow":"follow","max-snippet":"max-snippet:-1","max-image-preview":"max-image-preview:large","max-video-preview":"max-video-preview:-1"},"canonical":"https:\/\/www.lisensky-dvur.cz\/en\/about-us\/","og_locale":"en_US","og_type":"article","og_title":"About us &#183; Hotel L\u00ed\u0161ensk\u00fd Dv\u016fr &#183;","og_description":"Dating back to at least the 16th century, this is the first written record of the property, specifically of its sale. The property was subsequently managed by the Institute of Noblemen in Brno, then the property was transferred to the state and became a recreational facility of the Veterinary and Pharmaceutical University in Brno","og_url":"https:\/\/www.lisensky-dvur.cz\/en\/about-us\/","og_site_name":"Hotel L\u00ed\u0161ensk\u00fd Dv\u016fr","article_publisher":"https:\/\/www.facebook.com\/LisenskyDvur","article_modified_time":"2025-02-26T19:20:29+00:00","twitter_card":"summary_large_image","twitter_misc":{"Est. reading time":"1 minute"},"schema":{"@context":"https:\/\/schema.org","@graph":[{"@type":"WebPage","@id":"https:\/\/www.lisensky-dvur.cz\/en\/about-us\/","url":"https:\/\/www.lisensky-dvur.cz\/en\/about-us\/","name":"About us &#183; Hotel L\u00ed\u0161ensk\u00fd Dv\u016fr &#183;","isPartOf":{"@id":"https:\/\/www.lisensky-dvur.cz\/en\/#website"},"datePublished":"2024-06-05T09:02:55+00:00","dateModified":"2025-02-26T19:20:29+00:00","description":"Dating back to at least the 16th century, this is the first written record of the property, specifically of its sale. The property was subsequently managed by the Institute of Noblemen in Brno, then the property was transferred to the state and became a recreational facility of the Veterinary and Pharmaceutical University in Brno","breadcrumb":{"@id":"https:\/\/www.lisensky-dvur.cz\/en\/about-us\/#breadcrumb"},"inLanguage":"en-US","potentialAction":[{"@type":"ReadAction","target":["https:\/\/www.lisensky-dvur.cz\/en\/about-us\/"]}]},{"@type":"BreadcrumbList","@id":"https:\/\/www.lisensky-dvur.cz\/en\/about-us\/#breadcrumb","itemListElement":[{"@type":"ListItem","position":1,"name":"Home","item":"https:\/\/www.lisensky-dvur.cz\/en\/"},{"@type":"ListItem","position":2,"name":"About us"}]},{"@type":"WebSite","@id":"https:\/\/www.lisensky-dvur.cz\/en\/#website","url":"https:\/\/www.lisensky-dvur.cz\/en\/","name":"Hotel L\u00ed\u0161ensk\u00fd Dv\u016fr","description":"","potentialAction":[{"@type":"SearchAction","target":{"@type":"EntryPoint","urlTemplate":"https:\/\/www.lisensky-dvur.cz\/en\/?s={search_term_string}"},"query-input":"required name=search_term_string"}],"inLanguage":"en-US"}]}},"acf":[],"_links":{"self":[{"href":"https:\/\/www.lisensky-dvur.cz\/en\/wp-json\/wp\/v2\/pages\/514"}],"collection":[{"href":"https:\/\/www.lisensky-dvur.cz\/en\/wp-json\/wp\/v2\/pages"}],"about":[{"href":"https:\/\/www.lisensky-dvur.cz\/en\/wp-json\/wp\/v2\/types\/page"}],"author":[{"embeddable":true,"href":"https:\/\/www.lisensky-dvur.cz\/en\/wp-json\/wp\/v2\/users\/189"}],"replies":[{"embeddable":true,"href":"https:\/\/www.lisensky-dvur.cz\/en\/wp-json\/wp\/v2\/comments?post=514"}],"version-history":[{"count":0,"href":"https:\/\/www.lisensky-dvur.cz\/en\/wp-json\/wp\/v2\/pages\/514\/revisions"}],"wp:attachment":[{"href":"https:\/\/www.lisensky-dvur.cz\/en\/wp-json\/wp\/v2\/media?parent=514"}],"curies":[{"name":"wp","href":"https:\/\/api.w.org\/{rel}","templated":true}]}}