{"id":509,"date":"2024-05-27T16:07:47","date_gmt":"2024-05-27T14:07:47","guid":{"rendered":"https:\/\/www.lisensky-dvur.cz\/?page_id=509"},"modified":"2026-04-28T14:56:11","modified_gmt":"2026-04-28T12:56:11","slug":"resort-lisensky-dvur","status":"publish","type":"page","link":"https:\/\/www.lisensky-dvur.cz\/en\/","title":{"rendered":"Resort L\u00ed\u0161ensk\u00fd Dv\u016fr"},"content":{"rendered":"<p>The Hotel L\u00ed\u0161ensk\u00fd Dv\u016fr, now a resort with a rich history dating back to the 16th century, is a unique facility that will enchant every visitor just as much as Werich and Trnka, who repeatedly visited the place and used it as a summer studio. From its beginning under the administration of the Veterinary Pharmaceutical University in Brno to the recent period when it underwent a thorough reconstruction and became a popular place for various types of visitors.<\/p>\n<p>Located in the protected landscape area of the \u017d\u010f\u00e1r Hills, it offers a peaceful and relaxing environment for rest or space for private events. One will like the place due to its seclusion and peace from busy traffic with an enclosed inner courtyard. The resort offers the use of a clear pond with a pebble beach for paddleboarding and boating, or a sports field for several activities, especially football, tennis and netball. A p\u00e9tanque court is another option for use.<\/p>\n","protected":false},"excerpt":{"rendered":"<p>The Hotel L\u00ed\u0161ensk\u00fd Dv\u016fr, now a resort with a rich history dating back to the 16th century, is a unique facility that will enchant every visitor just as much as Werich and Trnka, who repeatedly visited the place and used it as a summer studio. From its beginning under the administration of the Veterinary Pharmaceutical [&hellip;]<\/p>\n","protected":false},"author":189,"featured_media":0,"parent":0,"menu_order":10,"comment_status":"closed","ping_status":"closed","template":"","meta":{"footnotes":""},"yoast_head":"<!-- This site is optimized with the Yoast SEO plugin v22.3 - https:\/\/yoast.com\/wordpress\/plugins\/seo\/ -->\n<title>Resort L\u00ed\u0161ensk\u00fd Dv\u016fr &#183; Hotel L\u00ed\u0161ensk\u00fd Dv\u016fr &#183;<\/title>\n<meta name=\"description\" content=\"The Hotel L\u00ed\u0161ensk\u00fd Dv\u016fr, now a resort with a rich history dating back to the 16th century, is a unique facility that will enchant every visitor just as much as Werich and Trnka, who repeatedly visited the place and used it as a summer studio. From its beginning under the administration of the Veterinary Pharmaceutical University in Brno to the recent period when it underwent a thorough reconstruction and became a popular place for various types of visitors.  Located in the protected landscape area of the \u017d\u010f\u00e1r Hills, it offers a peaceful and relaxing environment for rest or space for private events\" \/>\n<meta name=\"robots\" content=\"index, follow, max-snippet:-1, max-image-preview:large, max-video-preview:-1\" \/>\n<link rel=\"canonical\" href=\"https:\/\/www.lisensky-dvur.cz\/en\/\" \/>\n<meta property=\"og:locale\" content=\"en_US\" \/>\n<meta property=\"og:type\" content=\"article\" \/>\n<meta property=\"og:title\" content=\"Resort L\u00ed\u0161ensk\u00fd Dv\u016fr &#183; Hotel L\u00ed\u0161ensk\u00fd Dv\u016fr &#183;\" \/>\n<meta property=\"og:description\" content=\"The Hotel L\u00ed\u0161ensk\u00fd Dv\u016fr, now a resort with a rich history dating back to the 16th century, is a unique facility that will enchant every visitor just as much as Werich and Trnka, who repeatedly visited the place and used it as a summer studio. From its beginning under the administration of the Veterinary Pharmaceutical University in Brno to the recent period when it underwent a thorough reconstruction and became a popular place for various types of visitors.  Located in the protected landscape area of the \u017d\u010f\u00e1r Hills, it offers a peaceful and relaxing environment for rest or space for private events\" \/>\n<meta property=\"og:url\" content=\"https:\/\/www.lisensky-dvur.cz\/en\/\" \/>\n<meta property=\"og:site_name\" content=\"Hotel L\u00ed\u0161ensk\u00fd Dv\u016fr\" \/>\n<meta property=\"article:publisher\" content=\"https:\/\/www.facebook.com\/LisenskyDvur\" \/>\n<meta property=\"article:modified_time\" content=\"2026-04-28T12:56:11+00:00\" \/>\n<meta name=\"twitter:card\" content=\"summary_large_image\" \/>\n<meta name=\"twitter:label1\" content=\"Est. reading time\" \/>\n\t<meta name=\"twitter:data1\" content=\"1 minute\" \/>\n<script type=\"application\/ld+json\" class=\"yoast-schema-graph\">{\"@context\":\"https:\/\/schema.org\",\"@graph\":[{\"@type\":\"WebPage\",\"@id\":\"https:\/\/www.lisensky-dvur.cz\/en\/\",\"url\":\"https:\/\/www.lisensky-dvur.cz\/en\/\",\"name\":\"Resort L\u00ed\u0161ensk\u00fd Dv\u016fr &#183; Hotel L\u00ed\u0161ensk\u00fd Dv\u016fr &#183;\",\"isPartOf\":{\"@id\":\"https:\/\/www.lisensky-dvur.cz\/en\/#website\"},\"datePublished\":\"2024-05-27T14:07:47+00:00\",\"dateModified\":\"2026-04-28T12:56:11+00:00\",\"description\":\"The Hotel L\u00ed\u0161ensk\u00fd Dv\u016fr, now a resort with a rich history dating back to the 16th century, is a unique facility that will enchant every visitor just as much as Werich and Trnka, who repeatedly visited the place and used it as a summer studio. From its beginning under the administration of the Veterinary Pharmaceutical University in Brno to the recent period when it underwent a thorough reconstruction and became a popular place for various types of visitors. Located in the protected landscape area of the \u017d\u010f\u00e1r Hills, it offers a peaceful and relaxing environment for rest or space for private events\",\"breadcrumb\":{\"@id\":\"https:\/\/www.lisensky-dvur.cz\/en\/#breadcrumb\"},\"inLanguage\":\"en-US\",\"potentialAction\":[{\"@type\":\"ReadAction\",\"target\":[\"https:\/\/www.lisensky-dvur.cz\/en\/\"]}]},{\"@type\":\"BreadcrumbList\",\"@id\":\"https:\/\/www.lisensky-dvur.cz\/en\/#breadcrumb\",\"itemListElement\":[{\"@type\":\"ListItem\",\"position\":1,\"name\":\"Home\",\"item\":\"https:\/\/www.lisensky-dvur.cz\/en\/\"},{\"@type\":\"ListItem\",\"position\":2,\"name\":\"Resort L\u00ed\u0161ensk\u00fd Dv\u016fr\"}]},{\"@type\":\"WebSite\",\"@id\":\"https:\/\/www.lisensky-dvur.cz\/en\/#website\",\"url\":\"https:\/\/www.lisensky-dvur.cz\/en\/\",\"name\":\"Hotel L\u00ed\u0161ensk\u00fd Dv\u016fr\",\"description\":\"\",\"potentialAction\":[{\"@type\":\"SearchAction\",\"target\":{\"@type\":\"EntryPoint\",\"urlTemplate\":\"https:\/\/www.lisensky-dvur.cz\/en\/?s={search_term_string}\"},\"query-input\":\"required name=search_term_string\"}],\"inLanguage\":\"en-US\"}]}<\/script>\n<!-- \/ Yoast SEO plugin. -->","yoast_head_json":{"title":"Resort L\u00ed\u0161ensk\u00fd Dv\u016fr &#183; Hotel L\u00ed\u0161ensk\u00fd Dv\u016fr &#183;","description":"The Hotel L\u00ed\u0161ensk\u00fd Dv\u016fr, now a resort with a rich history dating back to the 16th century, is a unique facility that will enchant every visitor just as much as Werich and Trnka, who repeatedly visited the place and used it as a summer studio. From its beginning under the administration of the Veterinary Pharmaceutical University in Brno to the recent period when it underwent a thorough reconstruction and became a popular place for various types of visitors.  Located in the protected landscape area of the \u017d\u010f\u00e1r Hills, it offers a peaceful and relaxing environment for rest or space for private events","robots":{"index":"index","follow":"follow","max-snippet":"max-snippet:-1","max-image-preview":"max-image-preview:large","max-video-preview":"max-video-preview:-1"},"canonical":"https:\/\/www.lisensky-dvur.cz\/en\/","og_locale":"en_US","og_type":"article","og_title":"Resort L\u00ed\u0161ensk\u00fd Dv\u016fr &#183; Hotel L\u00ed\u0161ensk\u00fd Dv\u016fr &#183;","og_description":"The Hotel L\u00ed\u0161ensk\u00fd Dv\u016fr, now a resort with a rich history dating back to the 16th century, is a unique facility that will enchant every visitor just as much as Werich and Trnka, who repeatedly visited the place and used it as a summer studio. From its beginning under the administration of the Veterinary Pharmaceutical University in Brno to the recent period when it underwent a thorough reconstruction and became a popular place for various types of visitors.  Located in the protected landscape area of the \u017d\u010f\u00e1r Hills, it offers a peaceful and relaxing environment for rest or space for private events","og_url":"https:\/\/www.lisensky-dvur.cz\/en\/","og_site_name":"Hotel L\u00ed\u0161ensk\u00fd Dv\u016fr","article_publisher":"https:\/\/www.facebook.com\/LisenskyDvur","article_modified_time":"2026-04-28T12:56:11+00:00","twitter_card":"summary_large_image","twitter_misc":{"Est. reading time":"1 minute"},"schema":{"@context":"https:\/\/schema.org","@graph":[{"@type":"WebPage","@id":"https:\/\/www.lisensky-dvur.cz\/en\/","url":"https:\/\/www.lisensky-dvur.cz\/en\/","name":"Resort L\u00ed\u0161ensk\u00fd Dv\u016fr &#183; Hotel L\u00ed\u0161ensk\u00fd Dv\u016fr &#183;","isPartOf":{"@id":"https:\/\/www.lisensky-dvur.cz\/en\/#website"},"datePublished":"2024-05-27T14:07:47+00:00","dateModified":"2026-04-28T12:56:11+00:00","description":"The Hotel L\u00ed\u0161ensk\u00fd Dv\u016fr, now a resort with a rich history dating back to the 16th century, is a unique facility that will enchant every visitor just as much as Werich and Trnka, who repeatedly visited the place and used it as a summer studio. From its beginning under the administration of the Veterinary Pharmaceutical University in Brno to the recent period when it underwent a thorough reconstruction and became a popular place for various types of visitors. Located in the protected landscape area of the \u017d\u010f\u00e1r Hills, it offers a peaceful and relaxing environment for rest or space for private events","breadcrumb":{"@id":"https:\/\/www.lisensky-dvur.cz\/en\/#breadcrumb"},"inLanguage":"en-US","potentialAction":[{"@type":"ReadAction","target":["https:\/\/www.lisensky-dvur.cz\/en\/"]}]},{"@type":"BreadcrumbList","@id":"https:\/\/www.lisensky-dvur.cz\/en\/#breadcrumb","itemListElement":[{"@type":"ListItem","position":1,"name":"Home","item":"https:\/\/www.lisensky-dvur.cz\/en\/"},{"@type":"ListItem","position":2,"name":"Resort L\u00ed\u0161ensk\u00fd Dv\u016fr"}]},{"@type":"WebSite","@id":"https:\/\/www.lisensky-dvur.cz\/en\/#website","url":"https:\/\/www.lisensky-dvur.cz\/en\/","name":"Hotel L\u00ed\u0161ensk\u00fd Dv\u016fr","description":"","potentialAction":[{"@type":"SearchAction","target":{"@type":"EntryPoint","urlTemplate":"https:\/\/www.lisensky-dvur.cz\/en\/?s={search_term_string}"},"query-input":"required name=search_term_string"}],"inLanguage":"en-US"}]}},"acf":[],"_links":{"self":[{"href":"https:\/\/www.lisensky-dvur.cz\/en\/wp-json\/wp\/v2\/pages\/509"}],"collection":[{"href":"https:\/\/www.lisensky-dvur.cz\/en\/wp-json\/wp\/v2\/pages"}],"about":[{"href":"https:\/\/www.lisensky-dvur.cz\/en\/wp-json\/wp\/v2\/types\/page"}],"author":[{"embeddable":true,"href":"https:\/\/www.lisensky-dvur.cz\/en\/wp-json\/wp\/v2\/users\/189"}],"replies":[{"embeddable":true,"href":"https:\/\/www.lisensky-dvur.cz\/en\/wp-json\/wp\/v2\/comments?post=509"}],"version-history":[{"count":0,"href":"https:\/\/www.lisensky-dvur.cz\/en\/wp-json\/wp\/v2\/pages\/509\/revisions"}],"wp:attachment":[{"href":"https:\/\/www.lisensky-dvur.cz\/en\/wp-json\/wp\/v2\/media?parent=509"}],"curies":[{"name":"wp","href":"https:\/\/api.w.org\/{rel}","templated":true}]}}